{"id":74,"date":"2022-08-31T15:34:06","date_gmt":"2022-08-31T13:34:06","guid":{"rendered":"http:\/\/eywpbir.cluster030.hosting.ovh.net\/?page_id=74"},"modified":"2023-12-13T11:09:38","modified_gmt":"2023-12-13T10:09:38","slug":"la-peche","status":"publish","type":"page","link":"https:\/\/www.csom-asso.com\/index.php\/la-peche\/","title":{"rendered":"P\u00caCHE"},"content":{"rendered":"<div data-colibri-id=\"74-c1\" class=\"style-587 style-local-74-c1 position-relative\">\n  <!---->\n  <div data-colibri-component=\"section\" data-colibri-id=\"74-c2\" id=\"custom\" class=\"h-section h-section-global-spacing d-flex align-items-lg-center align-items-md-center align-items-center style-593 style-local-74-c2 position-relative\">\n    <!---->\n    <!---->\n    <div class=\"h-section-grid-container h-section-boxed-container\">\n      <!---->\n      <div data-colibri-id=\"74-c3\" class=\"h-row-container gutters-row-lg-2 gutters-row-md-2 gutters-row-0 gutters-row-v-lg-2 gutters-row-v-md-2 gutters-row-v-2 style-594 style-local-74-c3 position-relative\">\n        <!---->\n        <div class=\"h-row justify-content-lg-center justify-content-md-center justify-content-center align-items-lg-stretch align-items-md-stretch align-items-stretch gutters-col-lg-2 gutters-col-md-2 gutters-col-0 gutters-col-v-lg-2 gutters-col-v-md-2 gutters-col-v-2\">\n          <!---->\n          <div class=\"h-column h-column-container d-flex h-col-lg-auto h-col-md-auto h-col-auto style-595-outer style-local-74-c4-outer\">\n            <div data-colibri-id=\"74-c4\" class=\"d-flex h-flex-basis h-column__inner h-px-lg-2 h-px-md-2 h-px-2 v-inner-lg-2 v-inner-md-2 v-inner-2 style-595 style-local-74-c4 position-relative\">\n              <!---->\n              <!---->\n              <div class=\"w-100 h-y-container h-column__content h-column__v-align flex-basis-100 align-self-lg-start align-self-md-start align-self-start\">\n                <!---->\n                <div data-colibri-id=\"74-c5\" class=\"d-block style-597 style-local-74-c5 position-relative h-element\">\n                  <!---->\n                  <div class=\"h-image__frame-container-outer\">\n                    <div class=\"h-image__frame-container\">\n                      <!---->\n                      <!---->\n                      <img loading=\"lazy\" decoding=\"async\" width=\"1000\" height=\"667\" src=\"http:\/\/eywpbir.cluster030.hosting.ovh.net\/wp-content\/uploads\/2022\/08\/peche.jpg\" class=\"wp-image-73 style-597-image style-local-74-c5-image\" alt=\"\" srcset=\"https:\/\/www.csom-asso.com\/wp-content\/uploads\/2022\/08\/peche.jpg 1000w, https:\/\/www.csom-asso.com\/wp-content\/uploads\/2022\/08\/peche-300x200.jpg 300w, https:\/\/www.csom-asso.com\/wp-content\/uploads\/2022\/08\/peche-768x512.jpg 768w\" sizes=\"auto, (max-width: 1000px) 100vw, 1000px\" \/>\n                      <div class=\"h-image__frame h-hide-lg h-hide-md h-hide-sm style-597-frameImage style-local-74-c5-frameImage\"><\/div>\n                    <\/div>\n                  <\/div>\n                <\/div>\n                <div data-colibri-id=\"74-c6\" class=\"d-block style-605 style-local-74-c6 position-relative h-element\">\n                  <!---->\n                  <div class=\"h-image__frame-container-outer\">\n                    <div class=\"h-image__frame-container\">\n                      <!---->\n                      <!---->\n                      <img loading=\"lazy\" decoding=\"async\" width=\"2560\" height=\"1707\" src=\"http:\/\/eywpbir.cluster030.hosting.ovh.net\/wp-content\/uploads\/2022\/08\/IMG_4857-scaled.jpg\" class=\"wp-image-85 style-605-image style-local-74-c6-image\" alt=\"\" srcset=\"https:\/\/www.csom-asso.com\/wp-content\/uploads\/2022\/08\/IMG_4857-scaled.jpg 2560w, https:\/\/www.csom-asso.com\/wp-content\/uploads\/2022\/08\/IMG_4857-300x200.jpg 300w, https:\/\/www.csom-asso.com\/wp-content\/uploads\/2022\/08\/IMG_4857-1024x683.jpg 1024w, https:\/\/www.csom-asso.com\/wp-content\/uploads\/2022\/08\/IMG_4857-768x512.jpg 768w, https:\/\/www.csom-asso.com\/wp-content\/uploads\/2022\/08\/IMG_4857-1536x1024.jpg 1536w, https:\/\/www.csom-asso.com\/wp-content\/uploads\/2022\/08\/IMG_4857-2048x1365.jpg 2048w\" sizes=\"auto, (max-width: 2560px) 100vw, 2560px\" \/>\n                      <div class=\"h-image__frame h-hide-lg h-hide-md h-hide-sm style-605-frameImage style-local-74-c6-frameImage\"><\/div>\n                    <\/div>\n                  <\/div>\n                <\/div>\n                <div data-colibri-id=\"74-c15\" class=\"h-text h-text-component style-886 style-local-74-c15 position-relative h-element\">\n                  <!---->\n                  <!---->\n                  <div class=\"\">\n                    <p><span style=\"color: rgb(70, 112, 127); font-family: &quot;Open Sans&quot;; font-size: 16px;\">TARIFS 2024<\/span>\n                      <br><span style=\"color: rgb(70, 112, 127); font-family: &quot;Open Sans&quot;; font-size: 16px;\">Adulte homme &nbsp;: 280 \u20ac<br>Adulte femme : 234 \u20ac<\/span>\n                      <br><span style=\"color: rgb(70, 112, 127); font-family: &quot;Open Sans&quot;; font-size: 16px;\">Mineur : 112 \u20ac<\/span><\/p>\n                  <\/div>\n                <\/div>\n              <\/div>\n            <\/div>\n          <\/div>\n          <div class=\"h-column h-column-container d-flex h-col-lg-auto h-col-md-auto h-col-auto style-596-outer style-local-74-c7-outer\">\n            <div data-colibri-id=\"74-c7\" class=\"d-flex h-flex-basis h-column__inner h-px-lg-2 h-px-md-2 h-px-2 v-inner-lg-2 v-inner-md-2 v-inner-2 style-596 style-local-74-c7 position-relative\">\n              <!---->\n              <!---->\n              <div class=\"w-100 h-y-container h-column__content h-column__v-align flex-basis-100 align-self-lg-start align-self-md-start align-self-start\">\n                <!---->\n                <div data-colibri-id=\"74-c8\" class=\"h-global-transition-all h-heading style-598 style-local-74-c8 position-relative h-element\">\n                  <!---->\n                  <div class=\"h-heading__outer style-598 style-local-74-c8\">\n                    <!---->\n                    <!---->\n                    <h4 class=\"\">AAPPMA DE L&rsquo;ORME DES MAZI\u00c8RES<\/h4>\n                  <\/div>\n                <\/div>\n                <div data-colibri-id=\"74-c9\" class=\"h-global-transition-all h-heading style-606 style-local-74-c9 position-relative h-element\">\n                  <!---->\n                  <div class=\"h-heading__outer style-606 style-local-74-c9\">\n                    <!---->\n                    <!---->\n                    <h5 class=\"\">Association Agr\u00e9\u00e9e pour la P\u00eache et\n                      <br>la Protection du Milieu Aquatique<\/h5>\n                  <\/div>\n                <\/div>\n                <div data-colibri-id=\"74-c10\" class=\"h-text h-text-component style-599 style-local-74-c10 position-relative h-element\">\n                  <!---->\n                  <!---->\n                  <div class=\"\">\n                    <p>Ce domaine priv\u00e9 de 2\u00e8me cat\u00e9gorie est g\u00e9r\u00e9 par l&rsquo;AAPPMA de l&rsquo;Orme des Mazi\u00e8res. Il s&rsquo;agit d&rsquo;une ancienne ballasti\u00e8re de 19ha en liaison avec la Seine et qui pr\u00e9sente la particularit\u00e9 d&rsquo;\u00eatre tr\u00e8s sauvage. On y trouve en abondance l&rsquo;ensemble\n                      des poissons blancs de 2\u00e8me cat\u00e9gorie (Gardons, br\u00e8mes, ablettes, carpes, tanches&#8230;) ainsi qu&rsquo;une tr\u00e8s bonne population de carnassiers.\n                      <br>Chaque ann\u00e9e, gr\u00e2ce aux cotisations des adh\u00e9rents, l&rsquo;AAPPMA r\u00e9empoissonne selon les d\u00e9cisions arr\u00eat\u00e9es lors de l&rsquo;assembl\u00e9e g\u00e9n\u00e9rale ordinaire annuelle. Le domaine est enti\u00e8rement clos et l&rsquo;entr\u00e9e se fait gr\u00e2ce \u00e0 un badge \u00e9lectronique\n                      remis individuellement lors de l&rsquo;adh\u00e9sion.\n                      <br>L&rsquo;association organise r\u00e9guli\u00e8rement des manifestations, notamment un concours de p\u00eache aux carnassiers en barque \u00e0 2 p\u00eacheurs o\u00f9 les prises sont parfois nombreuses.<\/p>\n                    <p>Pour plus de renseignements , vous pouvez contacter le pr\u00e9sident de l&rsquo;AAPPMA : M. Yann IRLES<\/p>\n                  <\/div>\n                <\/div>\n                <div data-colibri-id=\"74-c11\" class=\"h-text h-text-component style-805 style-local-74-c11 position-relative h-element\">\n                  <!---->\n                  <!---->\n                  <div class=\"\">\n                    <p>yann0094@hotmail.fr<\/p>\n                  <\/div>\n                <\/div>\n                <div data-colibri-id=\"74-c12\" class=\"h-text h-text-component style-602 style-local-74-c12 position-relative h-element\">\n                  <!---->\n                  <!---->\n                  <div class=\"\">\n                    <p>Vous pouvez \u00e9galement consulter le site web de l&rsquo;AAPPMA :<\/p>\n                  <\/div>\n                <\/div>\n                <div data-colibri-id=\"74-c13\" class=\"h-x-container style-603 style-local-74-c13 position-relative h-element\">\n                  <!---->\n                  <div class=\"h-x-container-inner style-dynamic-74-c13-group style-603-spacing style-local-74-c13-spacing\"><span class=\"h-button__outer style-604-outer style-local-74-c14-outer d-inline-flex h-element\"><a h-use-smooth-scroll=\"true\" href=\"http:\/\/aappma.orme.mazieres.free.fr\/bureau.html\" target=\"_blank\" data-colibri-id=\"74-c14\" class=\"d-flex w-100 align-items-center h-button justify-content-lg-center justify-content-md-center justify-content-center style-604 style-local-74-c14 position-relative\" rel=\"noopener\"><!----><!----> <span>SITE WEB AAPPMA<\/span><\/a>\n                    <\/span>\n                  <\/div>\n                <\/div>\n              <\/div>\n            <\/div>\n          <\/div>\n        <\/div>\n      <\/div>\n    <\/div>\n  <\/div>\n<\/div>","protected":false},"excerpt":{"rendered":"<p>TARIFS 2024 Adulte homme &nbsp;: 280 \u20acAdulte femme : 234 \u20ac Mineur : 112 \u20ac AAPPMA DE L&rsquo;ORME DES MAZI\u00c8RES Association Agr\u00e9\u00e9e pour la P\u00eache et la Protection du Milieu [&hellip;]<\/p>\n","protected":false},"author":1,"featured_media":0,"parent":0,"menu_order":0,"comment_status":"closed","ping_status":"closed","template":"page-templates\/full-width-page.php","meta":{"_EventAllDay":false,"_EventTimezone":"","_EventStartDate":"","_EventEndDate":"","_EventStartDateUTC":"","_EventEndDateUTC":"","_EventShowMap":false,"_EventShowMapLink":false,"_EventURL":"","_EventCost":"","_EventCostDescription":"","_EventCurrencySymbol":"","_EventCurrencyCode":"","_EventCurrencyPosition":"","_EventDateTimeSeparator":"","_EventTimeRangeSeparator":"","_EventOrganizerID":[],"_EventVenueID":0,"_OrganizerEmail":"","_OrganizerPhone":"","_OrganizerWebsite":"","_VenueAddress":"","_VenueCity":"","_VenueCountry":"","_VenueProvince":"","_VenueZip":"","_VenuePhone":"","_VenueURL":"","_VenueStateProvince":"","_VenueLat":"","_VenueLng":"","footnotes":""},"class_list":["post-74","page","type-page","status-publish","hentry"],"_links":{"self":[{"href":"https:\/\/www.csom-asso.com\/index.php\/wp-json\/wp\/v2\/pages\/74","targetHints":{"allow":["GET"]}}],"collection":[{"href":"https:\/\/www.csom-asso.com\/index.php\/wp-json\/wp\/v2\/pages"}],"about":[{"href":"https:\/\/www.csom-asso.com\/index.php\/wp-json\/wp\/v2\/types\/page"}],"author":[{"embeddable":true,"href":"https:\/\/www.csom-asso.com\/index.php\/wp-json\/wp\/v2\/users\/1"}],"replies":[{"embeddable":true,"href":"https:\/\/www.csom-asso.com\/index.php\/wp-json\/wp\/v2\/comments?post=74"}],"version-history":[{"count":8,"href":"https:\/\/www.csom-asso.com\/index.php\/wp-json\/wp\/v2\/pages\/74\/revisions"}],"predecessor-version":[{"id":804,"href":"https:\/\/www.csom-asso.com\/index.php\/wp-json\/wp\/v2\/pages\/74\/revisions\/804"}],"wp:attachment":[{"href":"https:\/\/www.csom-asso.com\/index.php\/wp-json\/wp\/v2\/media?parent=74"}],"curies":[{"name":"wp","href":"https:\/\/api.w.org\/{rel}","templated":true}]}}