{"id":7,"date":"2022-08-31T13:43:20","date_gmt":"2022-08-31T11:43:20","guid":{"rendered":"http:\/\/eywpbir.cluster030.hosting.ovh.net\/?page_id=7"},"modified":"2022-09-02T13:54:09","modified_gmt":"2022-09-02T11:54:09","slug":"contact","status":"publish","type":"page","link":"https:\/\/www.csom-asso.com\/index.php\/contact\/","title":{"rendered":"CENTRE NAUTIQUE"},"content":{"rendered":"<div data-colibri-id=\"7-c1\" class=\"style-561 style-local-7-c1 position-relative\">\n  <!---->\n  <div data-colibri-component=\"section\" data-colibri-id=\"7-c2\" id=\"custom\" class=\"h-section h-section-global-spacing d-flex align-items-lg-center align-items-md-center align-items-center style-566 style-local-7-c2 position-relative\">\n    <!---->\n    <!---->\n    <div class=\"h-section-grid-container h-section-boxed-container\">\n      <!---->\n      <div data-colibri-id=\"7-c3\" class=\"h-row-container gutters-row-lg-1 gutters-row-md-1 gutters-row-0 gutters-row-v-lg-1 gutters-row-v-md-1 gutters-row-v-1 style-567 style-local-7-c3 position-relative\">\n        <!---->\n        <div class=\"h-row justify-content-lg-center justify-content-md-center justify-content-center align-items-lg-stretch align-items-md-stretch align-items-stretch gutters-col-lg-1 gutters-col-md-1 gutters-col-0 gutters-col-v-lg-1 gutters-col-v-md-1 gutters-col-v-1\">\n          <!---->\n          <div class=\"h-column h-column-container d-flex h-col-lg-auto h-col-md-auto h-col-auto style-568-outer style-local-7-c4-outer\">\n            <div data-colibri-id=\"7-c4\" class=\"d-flex h-flex-basis h-column__inner h-px-lg-1 h-px-md-1 h-px-1 v-inner-lg-1 v-inner-md-1 v-inner-1 style-568 style-local-7-c4 position-relative\">\n              <!---->\n              <!---->\n              <div class=\"w-100 h-y-container h-column__content h-column__v-align flex-basis-100 align-self-lg-start align-self-md-start align-self-start\">\n                <!---->\n                <div data-colibri-id=\"7-c5\" class=\"d-block style-570 style-local-7-c5 position-relative h-element\">\n                  <!---->\n                  <div class=\"h-image__frame-container-outer\">\n                    <div class=\"h-image__frame-container\">\n                      <!---->\n                      <!---->\n                      <img loading=\"lazy\" decoding=\"async\" width=\"2560\" height=\"1920\" src=\"http:\/\/eywpbir.cluster030.hosting.ovh.net\/wp-content\/uploads\/2022\/09\/IMG_0867-scaled.jpeg\" class=\"wp-image-176 style-570-image style-local-7-c5-image\" alt=\"\" srcset=\"https:\/\/www.csom-asso.com\/wp-content\/uploads\/2022\/09\/IMG_0867-scaled.jpeg 2560w, https:\/\/www.csom-asso.com\/wp-content\/uploads\/2022\/09\/IMG_0867-300x225.jpeg 300w, https:\/\/www.csom-asso.com\/wp-content\/uploads\/2022\/09\/IMG_0867-1024x768.jpeg 1024w, https:\/\/www.csom-asso.com\/wp-content\/uploads\/2022\/09\/IMG_0867-768x576.jpeg 768w, https:\/\/www.csom-asso.com\/wp-content\/uploads\/2022\/09\/IMG_0867-1536x1152.jpeg 1536w, https:\/\/www.csom-asso.com\/wp-content\/uploads\/2022\/09\/IMG_0867-2048x1536.jpeg 2048w\" sizes=\"auto, (max-width: 2560px) 100vw, 2560px\" \/>\n                      <div class=\"h-image__frame h-hide-lg h-hide-md h-hide-sm style-570-frameImage style-local-7-c5-frameImage\"><\/div>\n                    <\/div>\n                  <\/div>\n                <\/div>\n              <\/div>\n            <\/div>\n          <\/div>\n          <div class=\"h-column h-column-container d-flex h-col-lg-auto h-col-md-auto h-col-auto style-569-outer style-local-7-c6-outer\">\n            <div data-colibri-id=\"7-c6\" class=\"d-flex h-flex-basis h-column__inner h-px-lg-1 h-px-md-1 h-px-1 v-inner-lg-1 v-inner-md-1 v-inner-1 style-569 style-local-7-c6 position-relative\">\n              <!---->\n              <!---->\n              <div class=\"w-100 h-y-container h-column__content h-column__v-align flex-basis-100 align-self-lg-start align-self-md-start align-self-start\">\n                <!---->\n                <div data-colibri-id=\"7-c7\" class=\"h-global-transition-all h-heading style-571 style-local-7-c7 position-relative h-element\">\n                  <!---->\n                  <div class=\"h-heading__outer style-571 style-local-7-c7\">\n                    <!---->\n                    <!---->\n                    <h4 class=\"\">LE CENTRE NAUTIQUE DES MAZI\u00c8RES<\/h4>\n                  <\/div>\n                <\/div>\n                <div data-colibri-id=\"7-c8\" class=\"h-text h-text-component style-572 style-local-7-c8 position-relative h-element\">\n                  <!---->\n                  <!---->\n                  <div class=\"\">\n                    <p>Le Club Nautique des Mazi\u00e8res est \u00e9tabli sur l&rsquo;\u00e9tang principal du domaine. L&rsquo;entr\u00e9e, s\u00e9curis\u00e9e et r\u00e9serv\u00e9e aux adh\u00e9rents, se trouve au 65 rue Ferdinand Buisson, 91210 Draveil.\n                      <br>Pour tous renseignements, vous pouvez contacter le pr\u00e9sident de l&rsquo;association, M. Philippe Bourgogne :<\/p>\n                  <\/div>\n                <\/div>\n                <div data-colibri-id=\"7-c21\" class=\"h-text h-text-component style-808 style-local-7-c21 position-relative h-element\">\n                  <!---->\n                  <!---->\n                  <div class=\"\">\n                    <p>p.bourgogne@yahoo.com<\/p>\n                  <\/div>\n                <\/div>\n              <\/div>\n            <\/div>\n          <\/div>\n        <\/div>\n      <\/div>\n    <\/div>\n  <\/div>\n  <div data-colibri-component=\"section\" data-colibri-id=\"7-c10\" id=\"custom-2\" class=\"h-section h-section-global-spacing d-flex align-items-lg-center align-items-md-center align-items-center style-576 style-local-7-c10 position-relative\">\n    <!---->\n    <!---->\n    <div class=\"h-section-grid-container h-section-boxed-container\">\n      <!---->\n      <div data-colibri-id=\"7-c11\" class=\"h-row-container gutters-row-lg-1 gutters-row-md-1 gutters-row-0 gutters-row-v-lg-1 gutters-row-v-md-1 gutters-row-v-1 style-577 style-local-7-c11 position-relative\">\n        <!---->\n        <div class=\"h-row justify-content-lg-center justify-content-md-center justify-content-center align-items-lg-stretch align-items-md-stretch align-items-stretch gutters-col-lg-1 gutters-col-md-1 gutters-col-0 gutters-col-v-lg-1 gutters-col-v-md-1 gutters-col-v-1\">\n          <!---->\n          <div class=\"h-column h-column-container d-flex h-col-lg-auto h-col-md-auto h-col-auto style-578-outer style-local-7-c12-outer\">\n            <div data-colibri-id=\"7-c12\" class=\"d-flex h-flex-basis h-column__inner h-px-lg-1 h-px-md-1 h-px-1 v-inner-lg-1 v-inner-md-1 v-inner-1 style-578 style-local-7-c12 position-relative\">\n              <!---->\n              <!---->\n              <div class=\"w-100 h-y-container h-column__content h-column__v-align flex-basis-100 align-self-lg-start align-self-md-start align-self-start\">\n                <!---->\n                <div data-colibri-id=\"7-c13\" class=\"d-block style-581 style-local-7-c13 position-relative h-element\">\n                  <!---->\n                  <div class=\"h-image__frame-container-outer\">\n                    <div class=\"h-image__frame-container\">\n                      <!---->\n                      <!---->\n                      <img loading=\"lazy\" decoding=\"async\" width=\"2560\" height=\"1920\" src=\"http:\/\/eywpbir.cluster030.hosting.ovh.net\/wp-content\/uploads\/2022\/09\/IMG_0914-scaled.jpeg\" class=\"wp-image-172 style-581-image style-local-7-c13-image\" alt=\"\" srcset=\"https:\/\/www.csom-asso.com\/wp-content\/uploads\/2022\/09\/IMG_0914-scaled.jpeg 2560w, https:\/\/www.csom-asso.com\/wp-content\/uploads\/2022\/09\/IMG_0914-300x225.jpeg 300w, https:\/\/www.csom-asso.com\/wp-content\/uploads\/2022\/09\/IMG_0914-1024x768.jpeg 1024w, https:\/\/www.csom-asso.com\/wp-content\/uploads\/2022\/09\/IMG_0914-768x576.jpeg 768w, https:\/\/www.csom-asso.com\/wp-content\/uploads\/2022\/09\/IMG_0914-1536x1152.jpeg 1536w, https:\/\/www.csom-asso.com\/wp-content\/uploads\/2022\/09\/IMG_0914-2048x1536.jpeg 2048w\" sizes=\"auto, (max-width: 2560px) 100vw, 2560px\" \/>\n                      <div class=\"h-image__frame h-hide-lg h-hide-md h-hide-sm style-581-frameImage style-local-7-c13-frameImage\"><\/div>\n                    <\/div>\n                  <\/div>\n                <\/div>\n                <div data-colibri-id=\"7-c14\" class=\"h-text h-text-component style-584 style-local-7-c14 position-relative h-element\">\n                  <!---->\n                  <!---->\n                  <div class=\"\">\n                    <p>La sortie vers la Seine<\/p>\n                  <\/div>\n                <\/div>\n              <\/div>\n            <\/div>\n          <\/div>\n          <div class=\"h-column h-column-container d-flex h-col-lg-auto h-col-md-auto h-col-auto style-579-outer style-local-7-c15-outer\">\n            <div data-colibri-id=\"7-c15\" class=\"d-flex h-flex-basis h-column__inner h-px-lg-1 h-px-md-1 h-px-1 v-inner-lg-1 v-inner-md-1 v-inner-1 style-579 style-local-7-c15 position-relative\">\n              <!---->\n              <!---->\n              <div class=\"w-100 h-y-container h-column__content h-column__v-align flex-basis-100 align-self-lg-start align-self-md-start align-self-start\">\n                <!---->\n                <div data-colibri-id=\"7-c16\" class=\"d-block style-582 style-local-7-c16 position-relative h-element\">\n                  <!---->\n                  <div class=\"h-image__frame-container-outer\">\n                    <div class=\"h-image__frame-container\">\n                      <!---->\n                      <!---->\n                      <img loading=\"lazy\" decoding=\"async\" width=\"2560\" height=\"1920\" src=\"http:\/\/eywpbir.cluster030.hosting.ovh.net\/wp-content\/uploads\/2022\/09\/IMG_1567-scaled.jpeg\" class=\"wp-image-175 style-582-image style-local-7-c16-image\" alt=\"\" srcset=\"https:\/\/www.csom-asso.com\/wp-content\/uploads\/2022\/09\/IMG_1567-scaled.jpeg 2560w, https:\/\/www.csom-asso.com\/wp-content\/uploads\/2022\/09\/IMG_1567-300x225.jpeg 300w, https:\/\/www.csom-asso.com\/wp-content\/uploads\/2022\/09\/IMG_1567-1024x768.jpeg 1024w, https:\/\/www.csom-asso.com\/wp-content\/uploads\/2022\/09\/IMG_1567-768x576.jpeg 768w, https:\/\/www.csom-asso.com\/wp-content\/uploads\/2022\/09\/IMG_1567-1536x1152.jpeg 1536w, https:\/\/www.csom-asso.com\/wp-content\/uploads\/2022\/09\/IMG_1567-2048x1536.jpeg 2048w\" sizes=\"auto, (max-width: 2560px) 100vw, 2560px\" \/>\n                      <div class=\"h-image__frame h-hide-lg h-hide-md h-hide-sm style-582-frameImage style-local-7-c16-frameImage\"><\/div>\n                    <\/div>\n                  <\/div>\n                <\/div>\n                <div data-colibri-id=\"7-c17\" class=\"h-text h-text-component style-585 style-local-7-c17 position-relative h-element\">\n                  <!---->\n                  <!---->\n                  <div class=\"\">\n                    <p>Un ponton sous la neige<\/p>\n                  <\/div>\n                <\/div>\n              <\/div>\n            <\/div>\n          <\/div>\n          <div class=\"h-column h-column-container d-flex h-col-lg-auto h-col-md-auto h-col-auto style-580-outer style-local-7-c18-outer\">\n            <div data-colibri-id=\"7-c18\" class=\"d-flex h-flex-basis h-column__inner h-px-lg-1 h-px-md-1 h-px-1 v-inner-lg-1 v-inner-md-1 v-inner-1 style-580 style-local-7-c18 position-relative\">\n              <!---->\n              <!---->\n              <div class=\"w-100 h-y-container h-column__content h-column__v-align flex-basis-100 align-self-lg-start align-self-md-start align-self-start\">\n                <!---->\n                <div data-colibri-id=\"7-c19\" class=\"d-block style-583 style-local-7-c19 position-relative h-element\">\n                  <!---->\n                  <div class=\"h-image__frame-container-outer\">\n                    <div class=\"h-image__frame-container\">\n                      <!---->\n                      <!---->\n                      <img loading=\"lazy\" decoding=\"async\" width=\"2560\" height=\"1920\" src=\"http:\/\/eywpbir.cluster030.hosting.ovh.net\/wp-content\/uploads\/2022\/09\/IMG_2008-scaled.jpeg\" class=\"wp-image-178 style-583-image style-local-7-c19-image\" alt=\"\" srcset=\"https:\/\/www.csom-asso.com\/wp-content\/uploads\/2022\/09\/IMG_2008-scaled.jpeg 2560w, https:\/\/www.csom-asso.com\/wp-content\/uploads\/2022\/09\/IMG_2008-300x225.jpeg 300w, https:\/\/www.csom-asso.com\/wp-content\/uploads\/2022\/09\/IMG_2008-1024x768.jpeg 1024w, https:\/\/www.csom-asso.com\/wp-content\/uploads\/2022\/09\/IMG_2008-768x576.jpeg 768w, https:\/\/www.csom-asso.com\/wp-content\/uploads\/2022\/09\/IMG_2008-1536x1152.jpeg 1536w, https:\/\/www.csom-asso.com\/wp-content\/uploads\/2022\/09\/IMG_2008-2048x1536.jpeg 2048w\" sizes=\"auto, (max-width: 2560px) 100vw, 2560px\" \/>\n                      <div class=\"h-image__frame h-hide-lg h-hide-md h-hide-sm style-583-frameImage style-local-7-c19-frameImage\"><\/div>\n                    <\/div>\n                  <\/div>\n                <\/div>\n                <div data-colibri-id=\"7-c20\" class=\"h-text h-text-component style-586 style-local-7-c20 position-relative h-element\">\n                  <!---->\n                  <!---->\n                  <div class=\"\">\n                    <p>L&rsquo;\u00e9tang principal<\/p>\n                  <\/div>\n                <\/div>\n              <\/div>\n            <\/div>\n          <\/div>\n        <\/div>\n      <\/div>\n    <\/div>\n  <\/div>\n<\/div>","protected":false},"excerpt":{"rendered":"<p>LE CENTRE NAUTIQUE DES MAZI\u00c8RES Le Club Nautique des Mazi\u00e8res est \u00e9tabli sur l&rsquo;\u00e9tang principal du domaine. L&rsquo;entr\u00e9e, s\u00e9curis\u00e9e et r\u00e9serv\u00e9e aux adh\u00e9rents, se trouve au 65 rue Ferdinand Buisson, [&hellip;]<\/p>\n","protected":false},"author":1,"featured_media":0,"parent":0,"menu_order":0,"comment_status":"closed","ping_status":"closed","template":"page-templates\/full-width-page.php","meta":{"_EventAllDay":false,"_EventTimezone":"","_EventStartDate":"","_EventEndDate":"","_EventStartDateUTC":"","_EventEndDateUTC":"","_EventShowMap":false,"_EventShowMapLink":false,"_EventURL":"","_EventCost":"","_EventCostDescription":"","_EventCurrencySymbol":"","_EventCurrencyCode":"","_EventCurrencyPosition":"","_EventDateTimeSeparator":"","_EventTimeRangeSeparator":"","_EventOrganizerID":[],"_EventVenueID":0,"_OrganizerEmail":"","_OrganizerPhone":"","_OrganizerWebsite":"","_VenueAddress":"","_VenueCity":"","_VenueCountry":"","_VenueProvince":"","_VenueZip":"","_VenuePhone":"","_VenueURL":"","_VenueStateProvince":"","_VenueLat":"","_VenueLng":"","footnotes":""},"class_list":["post-7","page","type-page","status-publish","hentry"],"_links":{"self":[{"href":"https:\/\/www.csom-asso.com\/index.php\/wp-json\/wp\/v2\/pages\/7","targetHints":{"allow":["GET"]}}],"collection":[{"href":"https:\/\/www.csom-asso.com\/index.php\/wp-json\/wp\/v2\/pages"}],"about":[{"href":"https:\/\/www.csom-asso.com\/index.php\/wp-json\/wp\/v2\/types\/page"}],"author":[{"embeddable":true,"href":"https:\/\/www.csom-asso.com\/index.php\/wp-json\/wp\/v2\/users\/1"}],"replies":[{"embeddable":true,"href":"https:\/\/www.csom-asso.com\/index.php\/wp-json\/wp\/v2\/comments?post=7"}],"version-history":[{"count":9,"href":"https:\/\/www.csom-asso.com\/index.php\/wp-json\/wp\/v2\/pages\/7\/revisions"}],"predecessor-version":[{"id":492,"href":"https:\/\/www.csom-asso.com\/index.php\/wp-json\/wp\/v2\/pages\/7\/revisions\/492"}],"wp:attachment":[{"href":"https:\/\/www.csom-asso.com\/index.php\/wp-json\/wp\/v2\/media?parent=7"}],"curies":[{"name":"wp","href":"https:\/\/api.w.org\/{rel}","templated":true}]}}