{"id":69,"date":"2022-08-31T13:55:55","date_gmt":"2022-08-31T11:55:55","guid":{"rendered":"http:\/\/eywpbir.cluster030.hosting.ovh.net\/?page_id=69"},"modified":"2023-12-15T09:26:42","modified_gmt":"2023-12-15T08:26:42","slug":"le-tennis","status":"publish","type":"page","link":"https:\/\/www.csom-asso.com\/index.php\/le-tennis\/","title":{"rendered":"TENNIS"},"content":{"rendered":"<div data-colibri-id=\"69-c1\" class=\"style-642 style-local-69-c1 position-relative\">\n  <!---->\n  <div data-colibri-component=\"section\" data-colibri-id=\"69-c2\" id=\"custom\" class=\"h-section h-section-global-spacing d-flex align-items-lg-center align-items-md-center align-items-center style-647 style-local-69-c2 position-relative\">\n    <!---->\n    <!---->\n    <div class=\"h-section-grid-container h-section-boxed-container\">\n      <!---->\n      <div data-colibri-id=\"69-c3\" class=\"h-row-container gutters-row-lg-2 gutters-row-md-2 gutters-row-0 gutters-row-v-lg-2 gutters-row-v-md-2 gutters-row-v-2 style-648 style-local-69-c3 position-relative\">\n        <!---->\n        <div class=\"h-row justify-content-lg-center justify-content-md-center justify-content-center align-items-lg-stretch align-items-md-stretch align-items-stretch gutters-col-lg-2 gutters-col-md-2 gutters-col-0 gutters-col-v-lg-2 gutters-col-v-md-2 gutters-col-v-2\">\n          <!---->\n          <div class=\"h-column h-column-container d-flex h-col-lg-auto h-col-md-auto h-col-auto style-649-outer style-local-69-c4-outer\">\n            <div data-colibri-id=\"69-c4\" class=\"d-flex h-flex-basis h-column__inner h-px-lg-2 h-px-md-2 h-px-2 v-inner-lg-2 v-inner-md-2 v-inner-2 style-649 style-local-69-c4 position-relative\">\n              <!---->\n              <!---->\n              <div class=\"w-100 h-y-container h-column__content h-column__v-align flex-basis-100 align-self-lg-start align-self-md-start align-self-start\">\n                <!---->\n                <div data-colibri-id=\"69-c5\" class=\"d-block style-651 style-local-69-c5 position-relative h-element\">\n                  <!---->\n                  <div class=\"h-image__frame-container-outer\">\n                    <div class=\"h-image__frame-container\">\n                      <!---->\n                      <!---->\n                      <img loading=\"lazy\" decoding=\"async\" width=\"802\" height=\"452\" src=\"http:\/\/eywpbir.cluster030.hosting.ovh.net\/wp-content\/uploads\/2022\/09\/Capture-decran-2022-09-01-a-22.18.53.png\" class=\"wp-image-243 style-651-image style-local-69-c5-image\" alt=\"\" srcset=\"https:\/\/www.csom-asso.com\/wp-content\/uploads\/2022\/09\/Capture-decran-2022-09-01-a-22.18.53.png 802w, https:\/\/www.csom-asso.com\/wp-content\/uploads\/2022\/09\/Capture-decran-2022-09-01-a-22.18.53-300x169.png 300w, https:\/\/www.csom-asso.com\/wp-content\/uploads\/2022\/09\/Capture-decran-2022-09-01-a-22.18.53-768x433.png 768w\" sizes=\"auto, (max-width: 802px) 100vw, 802px\" \/>\n                      <div class=\"h-image__frame h-hide-lg h-hide-md h-hide-sm style-651-frameImage style-local-69-c5-frameImage\"><\/div>\n                    <\/div>\n                  <\/div>\n                <\/div>\n                <div data-colibri-id=\"69-c6\" class=\"d-block style-661 style-local-69-c6 position-relative h-element\">\n                  <!---->\n                  <div class=\"h-image__frame-container-outer\">\n                    <div class=\"h-image__frame-container\">\n                      <!---->\n                      <!---->\n                      <img loading=\"lazy\" decoding=\"async\" width=\"800\" height=\"600\" src=\"http:\/\/eywpbir.cluster030.hosting.ovh.net\/wp-content\/uploads\/2022\/09\/Capture-decran-2022-09-01-a-22.18.45.png\" class=\"wp-image-242 style-661-image style-local-69-c6-image\" alt=\"\" srcset=\"https:\/\/www.csom-asso.com\/wp-content\/uploads\/2022\/09\/Capture-decran-2022-09-01-a-22.18.45.png 800w, https:\/\/www.csom-asso.com\/wp-content\/uploads\/2022\/09\/Capture-decran-2022-09-01-a-22.18.45-300x225.png 300w, https:\/\/www.csom-asso.com\/wp-content\/uploads\/2022\/09\/Capture-decran-2022-09-01-a-22.18.45-768x576.png 768w\" sizes=\"auto, (max-width: 800px) 100vw, 800px\" \/>\n                      <div class=\"h-image__frame h-hide-lg h-hide-md h-hide-sm style-661-frameImage style-local-69-c6-frameImage\"><\/div>\n                    <\/div>\n                  <\/div>\n                <\/div>\n              <\/div>\n            <\/div>\n          <\/div>\n          <div class=\"h-column h-column-container d-flex h-col-lg-auto h-col-md-auto h-col-auto style-650-outer style-local-69-c7-outer\">\n            <div data-colibri-id=\"69-c7\" class=\"d-flex h-flex-basis h-column__inner h-px-lg-2 h-px-md-2 h-px-2 v-inner-lg-2 v-inner-md-2 v-inner-2 style-650 style-local-69-c7 position-relative\">\n              <!---->\n              <!---->\n              <div class=\"w-100 h-y-container h-column__content h-column__v-align flex-basis-100 align-self-lg-start align-self-md-start align-self-start\">\n                <!---->\n                <div data-colibri-id=\"69-c8\" class=\"h-global-transition-all h-heading style-652 style-local-69-c8 position-relative h-element\">\n                  <!---->\n                  <div class=\"h-heading__outer style-652 style-local-69-c8\">\n                    <!---->\n                    <!---->\n                    <h4 class=\"\">LE TENNIS CLUB<\/h4>\n                  <\/div>\n                <\/div>\n                <div data-colibri-id=\"69-c9\" class=\"h-text h-text-component style-653 style-local-69-c9 position-relative h-element\">\n                  <!---->\n                  <!---->\n                  <div class=\"\">\n                    <p>Au bord de la Seine, le tennis club des Mazi\u00e8res est&nbsp;<span style=\"font-weight: 400; font-size: 16px; font-family: &quot;Open Sans&quot;; color: rgb(70, 112, 127);\">int\u00e9gr\u00e9 dans un cadre de verdure et d&rsquo;eau<\/span>. Six terrains\n                      <span style=\"color: rgb(70, 112, 127); font-family: &quot;Open Sans&quot;; font-size: 16px; font-weight: 400;\">sont \u00e0 la disposition des joueurs&nbsp;<\/span>: 3 terres battues et 3 terrains durs.\n                      <br>Le domaine est s\u00e9curis\u00e9 et clos, avec acc\u00e8s contr\u00f4l\u00e9.\n                      <br>Le tennis Club organise ses concours annuels : le premier concours a lieu du 1er au 22 mai et un second du 26 mai au 12 juin.\n                      <br>Nous vous y attendons nombreux !\n                      <br>Pour tous renseignements, vous pouvez contacter Marie-Jos\u00e9 OPPICI, par t\u00e9l\u00e9phone 06.62.75.66.58 ou par mail :<\/p>\n                  <\/div>\n                <\/div>\n                <div data-colibri-id=\"69-c10\" class=\"h-text h-text-component style-807 style-local-69-c10 position-relative h-element\">\n                  <!---->\n                  <!---->\n                  <div class=\"\">\n                    <p>mariejok@orange.fr<\/p>\n                  <\/div>\n                <\/div>\n                <div data-colibri-id=\"69-c11\" class=\"h-text h-text-component style-656 style-local-69-c11 position-relative h-element\">\n                  <!---->\n                  <!---->\n                  <div class=\"\">\n                    <p>Vous pouvez \u00e9galement consulter le site du Tennis Club ou retrouver l&rsquo;\u00e9quipe sur Facebook :&nbsp;<\/p>\n                  <\/div>\n                <\/div>\n                <div data-colibri-id=\"69-c12\" class=\"h-x-container style-657 style-local-69-c12 position-relative h-element\">\n                  <!---->\n                  <div class=\"h-x-container-inner style-dynamic-69-c12-group style-657-spacing style-local-69-c12-spacing\"><span class=\"h-button__outer style-658-outer style-local-69-c13-outer d-inline-flex h-element\"><a h-use-smooth-scroll=\"true\" href=\"https:\/\/www.club.fft.fr\/tc-mazieres\/57910180_a\/cms\/index_public.php?PHPSESSID=79d2df28f3985f973accaa290c6511c4&amp;us_action=show_note_site&amp;ui_id_site=1\" target=\"_blank\" data-colibri-id=\"69-c13\" class=\"d-flex w-100 align-items-center h-button justify-content-lg-center justify-content-md-center justify-content-center style-658 style-local-69-c13 position-relative\" rel=\"noopener\"><!----><!----> <span>Le site du Tennis Club<\/span><\/a>\n                    <\/span>\n                  <\/div>\n                <\/div>\n                <div data-colibri-id=\"69-c14\" class=\"style-660 style-local-69-c14 position-relative h-element\">\n                  <!---->\n                  <div class=\"d-flex flex-wrap h-social-icons justify-content-lg-end justify-content-md-end justify-content-end\">\n                    <div class=\"social-icon-container d-inline-flex\">\n                      <a href=\"https:\/\/www.facebook.com\/TennisEssonne\/posts\/pfbid0KimtMsphHxym5XjXsUAnsh8WAe9TsMQ9ay9G72RCwEm5tfjWrrSeCkPBpQWpaNEul\" h-use-smooth-scroll=\"true\">\n                        <div class=\"icon-container h-social-icon h-global-transition\">\n                          <div class=\"h-icon-svg\" style=\"width: 100%; height: 100%;\">\n                            <!--Icon by Font Awesome (https:\/\/fontawesome.com)-->\n                            <svg version=\"1.1\" xmlns=\"http:\/\/www.w3.org\/2000\/svg\" xmlns:xlink=\"http:\/\/www.w3.org\/1999\/xlink\" id=\"facebook-square\" viewBox=\"0 0 1536 1896.0833\">\n                              <path d=\"M1248 128q119 0 203.5 84.5T1536 416v960q0 119-84.5 203.5T1248 1664h-188v-595h199l30-232h-229V689q0-56 23.5-84t91.5-28l122-1V369q-63-9-178-9-136 0-217.5 80T820 666v171H620v232h200v595H288q-119 0-203.5-84.5T0 1376V416q0-119 84.5-203.5T288 128h960z\"><\/path>\n                            <\/svg>\n                          <\/div>\n                        <\/div>\n                      <\/a>\n                    <\/div>\n                  <\/div>\n                <\/div>\n                <div data-colibri-id=\"69-c15\" class=\"h-text h-text-component style-798 style-local-69-c15 position-relative h-element\">\n                  <!---->\n                  <!---->\n                  <div class=\"\">\n                    <p>T\u00e9l\u00e9charger la fiche d&rsquo;inscription 2024 &gt;<\/p>\n                  <\/div>\n                <\/div>\n                <div data-colibri-id=\"69-c16\" class=\"h-x-container style-799 style-local-69-c16 position-relative h-element\">\n                  <!---->\n                  <div class=\"h-x-container-inner style-dynamic-69-c16-group style-799-spacing style-local-69-c16-spacing\"><span class=\"h-button__outer style-800-outer style-local-69-c17-outer d-inline-flex h-element\"><a h-use-smooth-scroll=\"true\" href=\"http:\/\/www.csom-asso.com\/wp-content\/uploads\/2023\/12\/ADHERENT2024TCMDv0.doc\"  data-colibri-id=\"69-c17\" class=\"d-flex w-100 align-items-center h-button justify-content-lg-center justify-content-md-center justify-content-center style-800 style-local-69-c17 position-relative\"><!----><!----> <span>Fiche d&rsquo;inscription<\/span><\/a>\n                    <\/span>\n                  <\/div>\n                <\/div>\n              <\/div>\n            <\/div>\n          <\/div>\n        <\/div>\n      <\/div>\n    <\/div>\n  <\/div>\n<\/div>","protected":false},"excerpt":{"rendered":"<p>LE TENNIS CLUB Au bord de la Seine, le tennis club des Mazi\u00e8res est&nbsp;int\u00e9gr\u00e9 dans un cadre de verdure et d&rsquo;eau. Six terrains sont \u00e0 la disposition des joueurs&nbsp;: 3 [&hellip;]<\/p>\n","protected":false},"author":1,"featured_media":0,"parent":0,"menu_order":0,"comment_status":"closed","ping_status":"closed","template":"page-templates\/full-width-page.php","meta":{"_EventAllDay":false,"_EventTimezone":"","_EventStartDate":"","_EventEndDate":"","_EventStartDateUTC":"","_EventEndDateUTC":"","_EventShowMap":false,"_EventShowMapLink":false,"_EventURL":"","_EventCost":"","_EventCostDescription":"","_EventCurrencySymbol":"","_EventCurrencyCode":"","_EventCurrencyPosition":"","_EventDateTimeSeparator":"","_EventTimeRangeSeparator":"","_EventOrganizerID":[],"_EventVenueID":0,"_OrganizerEmail":"","_OrganizerPhone":"","_OrganizerWebsite":"","_VenueAddress":"","_VenueCity":"","_VenueCountry":"","_VenueProvince":"","_VenueZip":"","_VenuePhone":"","_VenueURL":"","_VenueStateProvince":"","_VenueLat":"","_VenueLng":"","footnotes":""},"class_list":["post-69","page","type-page","status-publish","hentry"],"_links":{"self":[{"href":"https:\/\/www.csom-asso.com\/index.php\/wp-json\/wp\/v2\/pages\/69","targetHints":{"allow":["GET"]}}],"collection":[{"href":"https:\/\/www.csom-asso.com\/index.php\/wp-json\/wp\/v2\/pages"}],"about":[{"href":"https:\/\/www.csom-asso.com\/index.php\/wp-json\/wp\/v2\/types\/page"}],"author":[{"embeddable":true,"href":"https:\/\/www.csom-asso.com\/index.php\/wp-json\/wp\/v2\/users\/1"}],"replies":[{"embeddable":true,"href":"https:\/\/www.csom-asso.com\/index.php\/wp-json\/wp\/v2\/comments?post=69"}],"version-history":[{"count":14,"href":"https:\/\/www.csom-asso.com\/index.php\/wp-json\/wp\/v2\/pages\/69\/revisions"}],"predecessor-version":[{"id":827,"href":"https:\/\/www.csom-asso.com\/index.php\/wp-json\/wp\/v2\/pages\/69\/revisions\/827"}],"wp:attachment":[{"href":"https:\/\/www.csom-asso.com\/index.php\/wp-json\/wp\/v2\/media?parent=69"}],"curies":[{"name":"wp","href":"https:\/\/api.w.org\/{rel}","templated":true}]}}