{"id":2,"date":"2022-08-31T13:27:38","date_gmt":"2022-08-31T11:27:38","guid":{"rendered":"http:\/\/eywpbir.cluster030.hosting.ovh.net\/?page_id=2"},"modified":"2023-12-13T10:46:17","modified_gmt":"2023-12-13T09:46:17","slug":"page-d-exemple","status":"publish","type":"page","link":"https:\/\/www.csom-asso.com\/index.php\/page-d-exemple\/","title":{"rendered":"TIR \u00c0 L&rsquo;ARC"},"content":{"rendered":"<div data-colibri-id=\"2-c1\" class=\"style-662 style-local-2-c1 position-relative\">\n  <!---->\n  <div data-colibri-component=\"section\" data-colibri-id=\"2-c2\" id=\"custom\" class=\"h-section h-section-global-spacing d-flex align-items-lg-center align-items-md-center align-items-center style-667 style-local-2-c2 position-relative\">\n    <!---->\n    <!---->\n    <div class=\"h-section-grid-container h-section-boxed-container\">\n      <!---->\n      <div data-colibri-id=\"2-c3\" class=\"h-row-container gutters-row-lg-2 gutters-row-md-2 gutters-row-0 gutters-row-v-lg-2 gutters-row-v-md-2 gutters-row-v-2 style-668 style-local-2-c3 position-relative\">\n        <!---->\n        <div class=\"h-row justify-content-lg-center justify-content-md-center justify-content-center align-items-lg-stretch align-items-md-stretch align-items-stretch gutters-col-lg-2 gutters-col-md-2 gutters-col-0 gutters-col-v-lg-2 gutters-col-v-md-2 gutters-col-v-2\">\n          <!---->\n          <div class=\"h-column h-column-container d-flex h-col-lg-auto h-col-md-auto h-col-auto style-669-outer style-local-2-c4-outer\">\n            <div data-colibri-id=\"2-c4\" class=\"d-flex h-flex-basis h-column__inner h-px-lg-2 h-px-md-2 h-px-2 v-inner-lg-2 v-inner-md-2 v-inner-2 style-669 style-local-2-c4 position-relative\">\n              <!---->\n              <!---->\n              <div class=\"w-100 h-y-container h-column__content h-column__v-align flex-basis-100 align-self-lg-start align-self-md-start align-self-start\">\n                <!---->\n                <div data-colibri-id=\"2-c5\" class=\"d-block style-673 style-local-2-c5 position-relative h-element\">\n                  <!---->\n                  <div class=\"h-image__frame-container-outer\">\n                    <div class=\"h-image__frame-container\">\n                      <!---->\n                      <!---->\n                      <img loading=\"lazy\" decoding=\"async\" width=\"1000\" height=\"722\" src=\"http:\/\/eywpbir.cluster030.hosting.ovh.net\/wp-content\/uploads\/2022\/09\/150204_155123.jpg\" class=\"wp-image-258 style-673-image style-local-2-c5-image\" alt=\"\" srcset=\"https:\/\/www.csom-asso.com\/wp-content\/uploads\/2022\/09\/150204_155123.jpg 1000w, https:\/\/www.csom-asso.com\/wp-content\/uploads\/2022\/09\/150204_155123-300x217.jpg 300w, https:\/\/www.csom-asso.com\/wp-content\/uploads\/2022\/09\/150204_155123-768x554.jpg 768w\" sizes=\"auto, (max-width: 1000px) 100vw, 1000px\" \/>\n                      <div class=\"h-image__frame h-hide-lg h-hide-md h-hide-sm style-673-frameImage style-local-2-c5-frameImage\"><\/div>\n                    <\/div>\n                  <\/div>\n                <\/div>\n              <\/div>\n            <\/div>\n          <\/div>\n          <div class=\"h-column h-column-container d-flex h-col-lg-auto h-col-md-auto h-col-auto style-670-outer style-local-2-c6-outer\">\n            <div data-colibri-id=\"2-c6\" class=\"d-flex h-flex-basis h-column__inner h-px-lg-2 h-px-md-2 h-px-2 v-inner-lg-2 v-inner-md-2 v-inner-2 style-670 style-local-2-c6 position-relative\">\n              <!---->\n              <!---->\n              <div class=\"w-100 h-y-container h-column__content h-column__v-align flex-basis-100 align-self-lg-start align-self-md-start align-self-start\">\n                <!---->\n                <div data-colibri-id=\"2-c7\" class=\"h-global-transition-all h-heading style-671 style-local-2-c7 position-relative h-element\">\n                  <!---->\n                  <div class=\"h-heading__outer style-671 style-local-2-c7\">\n                    <!---->\n                    <!---->\n                    <h4 class=\"\">ASSOCIATION ARC ET TRADITION<\/h4>\n                  <\/div>\n                <\/div>\n                <div data-colibri-id=\"2-c8\" class=\"h-text h-text-component style-672 style-local-2-c8 position-relative h-element\">\n                  <!---->\n                  <!---->\n                  <div class=\"\">\n                    <p>Au coeur du domaine des Mazi\u00e8res, le tir \u00e0 l&rsquo;arc occupe une \u00eele de six hectares qui lui est enti\u00e8rement d\u00e9di\u00e9e. Le parcours figure parmi les plus int\u00e9ressants de la r\u00e9gion. Vingts cibles 3D et autant de cibles nature sont \u00e0 la disposition\n                      des adh\u00e9rents.\n                      <br>L&rsquo;activit\u00e9 est g\u00e9r\u00e9e par l&rsquo;association Arc et Tradition. Nous pratiquons le loisir mais aussi le tir en comp\u00e9tition au sein de la section agr\u00e9\u00e9e par la F\u00e9d\u00e9ration Fran\u00e7aise de Tir \u00e0 l&rsquo;Arc d\u00e9nomm\u00e9e \u00ab\u00a0Les Archers de l&rsquo;Orme\u00a0\u00bb.\n                      <br>Le parcours est ouvert 365 jours par an et 24\/24.&nbsp;\n                      <br>Si le coeur vous en dit, cliquez ci-dessous pour ouvrir la page du site \u00ab\u00a0Arc et Tradition\u00a0\u00bb o\u00f9 figurent tous les renseignements n\u00e9cessaires.<\/p>\n                    <p>Tarif adh\u00e9sion 2024 : 223\u20ac (adh\u00e9sion CSOM 170\u20ac + Adh\u00e9sion club 53\u20ac)<\/p>\n                  <\/div>\n                <\/div>\n                <div data-colibri-id=\"2-c9\" class=\"h-x-container style-674 style-local-2-c9 position-relative h-element\">\n                  <!---->\n                  <div class=\"h-x-container-inner style-dynamic-2-c9-group style-674-spacing style-local-2-c9-spacing\"><span class=\"h-button__outer style-675-outer style-local-2-c10-outer d-inline-flex h-element\"><a h-use-smooth-scroll=\"true\" href=\"http:\/\/arc-et-tradition.fr\" data-colibri-id=\"2-c10\" class=\"d-flex w-100 align-items-center h-button justify-content-lg-center justify-content-md-center justify-content-center style-675 style-local-2-c10 position-relative\" target=\"_blank\" rel=\"noopener\"><!----><!----> <span>SITE WEB ARC ET TRADITION<\/span><\/a>\n                    <\/span>\n                  <\/div>\n                <\/div>\n              <\/div>\n            <\/div>\n          <\/div>\n        <\/div>\n      <\/div>\n    <\/div>\n  <\/div>\n<\/div>","protected":false},"excerpt":{"rendered":"<p>ASSOCIATION ARC ET TRADITION Au coeur du domaine des Mazi\u00e8res, le tir \u00e0 l&rsquo;arc occupe une \u00eele de six hectares qui lui est enti\u00e8rement d\u00e9di\u00e9e. Le parcours figure parmi les [&hellip;]<\/p>\n","protected":false},"author":1,"featured_media":0,"parent":0,"menu_order":0,"comment_status":"closed","ping_status":"closed","template":"page-templates\/full-width-page.php","meta":{"_EventAllDay":false,"_EventTimezone":"","_EventStartDate":"","_EventEndDate":"","_EventStartDateUTC":"","_EventEndDateUTC":"","_EventShowMap":false,"_EventShowMapLink":false,"_EventURL":"","_EventCost":"","_EventCostDescription":"","_EventCurrencySymbol":"","_EventCurrencyCode":"","_EventCurrencyPosition":"","_EventDateTimeSeparator":"","_EventTimeRangeSeparator":"","_EventOrganizerID":[],"_EventVenueID":0,"_OrganizerEmail":"","_OrganizerPhone":"","_OrganizerWebsite":"","_VenueAddress":"","_VenueCity":"","_VenueCountry":"","_VenueProvince":"","_VenueZip":"","_VenuePhone":"","_VenueURL":"","_VenueStateProvince":"","_VenueLat":"","_VenueLng":"","footnotes":""},"class_list":["post-2","page","type-page","status-publish","hentry"],"_links":{"self":[{"href":"https:\/\/www.csom-asso.com\/index.php\/wp-json\/wp\/v2\/pages\/2","targetHints":{"allow":["GET"]}}],"collection":[{"href":"https:\/\/www.csom-asso.com\/index.php\/wp-json\/wp\/v2\/pages"}],"about":[{"href":"https:\/\/www.csom-asso.com\/index.php\/wp-json\/wp\/v2\/types\/page"}],"author":[{"embeddable":true,"href":"https:\/\/www.csom-asso.com\/index.php\/wp-json\/wp\/v2\/users\/1"}],"replies":[{"embeddable":true,"href":"https:\/\/www.csom-asso.com\/index.php\/wp-json\/wp\/v2\/comments?post=2"}],"version-history":[{"count":5,"href":"https:\/\/www.csom-asso.com\/index.php\/wp-json\/wp\/v2\/pages\/2\/revisions"}],"predecessor-version":[{"id":774,"href":"https:\/\/www.csom-asso.com\/index.php\/wp-json\/wp\/v2\/pages\/2\/revisions\/774"}],"wp:attachment":[{"href":"https:\/\/www.csom-asso.com\/index.php\/wp-json\/wp\/v2\/media?parent=2"}],"curies":[{"name":"wp","href":"https:\/\/api.w.org\/{rel}","templated":true}]}}