{"id":138,"date":"2022-09-01T00:12:08","date_gmt":"2022-08-31T22:12:08","guid":{"rendered":"http:\/\/eywpbir.cluster030.hosting.ovh.net\/?page_id=138"},"modified":"2023-12-13T11:03:21","modified_gmt":"2023-12-13T10:03:21","slug":"equitation","status":"publish","type":"page","link":"https:\/\/www.csom-asso.com\/index.php\/equitation\/","title":{"rendered":"\u00c9QUITATION"},"content":{"rendered":"<div data-colibri-id=\"138-c1\" class=\"style-539 style-local-138-c1 position-relative\">\n  <!---->\n  <div data-colibri-component=\"section\" data-colibri-id=\"138-c2\" id=\"custom\" class=\"h-section h-section-global-spacing d-flex align-items-lg-center align-items-md-center align-items-center style-540 style-local-138-c2 position-relative\">\n    <!---->\n    <!---->\n    <div class=\"h-section-grid-container h-section-boxed-container\">\n      <!---->\n      <div data-colibri-id=\"138-c3\" class=\"h-row-container gutters-row-lg-1 gutters-row-md-1 gutters-row-0 gutters-row-v-lg-1 gutters-row-v-md-1 gutters-row-v-1 style-541 style-local-138-c3 position-relative\">\n        <!---->\n        <div class=\"h-row justify-content-lg-center justify-content-md-center justify-content-center align-items-lg-stretch align-items-md-stretch align-items-stretch gutters-col-lg-1 gutters-col-md-1 gutters-col-0 gutters-col-v-lg-1 gutters-col-v-md-1 gutters-col-v-1\">\n          <!---->\n          <div class=\"h-column h-column-container d-flex h-col-lg-auto h-col-md-auto h-col-auto style-542-outer style-local-138-c4-outer\">\n            <div data-colibri-id=\"138-c4\" class=\"d-flex h-flex-basis h-column__inner h-px-lg-2 h-px-md-2 h-px-2 v-inner-lg-2 v-inner-md-2 v-inner-2 style-542 style-local-138-c4 position-relative\">\n              <!---->\n              <!---->\n              <div class=\"w-100 h-y-container h-column__content h-column__v-align flex-basis-100 align-self-lg-start align-self-md-start align-self-start\">\n                <!---->\n                <div data-colibri-id=\"138-c5\" class=\"d-block style-545 style-local-138-c5 position-relative h-element\">\n                  <!---->\n                  <div class=\"h-image__frame-container-outer\">\n                    <div class=\"h-image__frame-container\">\n                      <!---->\n                      <!---->\n                      <img loading=\"lazy\" decoding=\"async\" width=\"599\" height=\"337\" src=\"http:\/\/eywpbir.cluster030.hosting.ovh.net\/wp-content\/uploads\/2022\/09\/Capture-decran-2022-09-01-a-09.22.03.png\" class=\"wp-image-147 style-545-image style-local-138-c5-image\" alt=\"\" srcset=\"https:\/\/www.csom-asso.com\/wp-content\/uploads\/2022\/09\/Capture-decran-2022-09-01-a-09.22.03.png 599w, https:\/\/www.csom-asso.com\/wp-content\/uploads\/2022\/09\/Capture-decran-2022-09-01-a-09.22.03-300x169.png 300w\" sizes=\"auto, (max-width: 599px) 100vw, 599px\" \/>\n                      <div class=\"h-image__frame h-hide-lg h-hide-md h-hide-sm style-545-frameImage style-local-138-c5-frameImage\"><\/div>\n                    <\/div>\n                  <\/div>\n                <\/div>\n                <div data-colibri-id=\"138-c6\" class=\"h-text h-text-component style-885 style-local-138-c6 position-relative h-element\">\n                  <!---->\n                  <!---->\n                  <div class=\"\">\n                    <p>TARIFS 2023-2024<\/p>\n                  <\/div>\n                <\/div>\n                <div data-colibri-id=\"138-c7\" class=\"h-x-container style-881 style-local-138-c7 position-relative h-element\">\n                  <!---->\n                  <div class=\"h-x-container-inner style-dynamic-138-c7-group style-881-spacing style-local-138-c7-spacing\"><span class=\"h-button__outer style-882-outer style-local-138-c8-outer d-inline-flex h-element\"><a h-use-smooth-scroll=\"true\" href=\"http:\/\/www.csom-asso.com\/wp-content\/uploads\/2023\/12\/EcurieTarifAdherents2023-2024.pdf\"  data-colibri-id=\"138-c8\" class=\"d-flex w-100 align-items-center h-button justify-content-lg-center justify-content-md-center justify-content-center style-882 style-local-138-c8 position-relative\"><!----><!----> <span>Tarifs adh\u00e9rents 2023-2024<\/span><\/a>\n                    <\/span>\n                  <\/div>\n                <\/div>\n                <div data-colibri-id=\"138-c9\" class=\"h-x-container style-883 style-local-138-c9 position-relative h-element\">\n                  <!---->\n                  <div class=\"h-x-container-inner style-dynamic-138-c9-group style-883-spacing style-local-138-c9-spacing\"><span class=\"h-button__outer style-884-outer style-local-138-c10-outer d-inline-flex h-element\"><a h-use-smooth-scroll=\"true\" href=\"http:\/\/www.csom-asso.com\/wp-content\/uploads\/2023\/12\/EcurieTarifProprietaires2023-2024.pdf\"  data-colibri-id=\"138-c10\" class=\"d-flex w-100 align-items-center h-button justify-content-lg-center justify-content-md-center justify-content-center style-884 style-local-138-c10 position-relative\"><!----><!----> <span>Tarifs Propri\u00e9taires 2023-2024<\/span><\/a>\n                    <\/span>\n                  <\/div>\n                <\/div>\n              <\/div>\n            <\/div>\n          <\/div>\n          <div class=\"h-column h-column-container d-flex h-col-lg-auto h-col-md-auto h-col-auto style-543-outer style-local-138-c11-outer\">\n            <div data-colibri-id=\"138-c11\" class=\"d-flex h-flex-basis h-column__inner h-px-lg-2 h-px-md-2 h-px-2 v-inner-lg-2 v-inner-md-2 v-inner-2 style-543 style-local-138-c11 position-relative\">\n              <!---->\n              <!---->\n              <div class=\"w-100 h-y-container h-column__content h-column__v-align flex-basis-100 align-self-lg-start align-self-md-start align-self-start\">\n                <!---->\n                <div data-colibri-id=\"138-c12\" class=\"h-global-transition-all h-heading style-544 style-local-138-c12 position-relative h-element\">\n                  <!---->\n                  <div class=\"h-heading__outer style-544 style-local-138-c12\">\n                    <!---->\n                    <!---->\n                    <h4 class=\"\">LES \u00c9CURIES DE L&rsquo;ORME DES MAZI\u00c8RES<\/h4>\n                  <\/div>\n                <\/div>\n                <div data-colibri-id=\"138-c13\" class=\"h-text h-text-component style-546 style-local-138-c13 position-relative h-element\">\n                  <!---->\n                  <!---->\n                  <div class=\"\">\n                    <p><span style=\"font-size: small;\">L&rsquo;association des \u00c9curies de l&rsquo;Orme des Mazi\u00e8res rassemble depuis 1998 petits et grands autour de la passion de l&rsquo;\u00e9quitation, dans une ambiance chaleureuse et conviviale !&nbsp;<br>Les \u00e9curies sont d\u00e9di\u00e9es au loisir comme \u00e0 la comp\u00e9tition en proposant de nombreuses disciplines et activit\u00e9s. Le bien-\u00eatre des animaux est une priorit\u00e9.&nbsp;<\/span><\/p>\n                    <p><span style=\"font-size: small;\">Retrouvez toutes les informations, tarifs, fiches d&rsquo;inscription sur le site de l&rsquo;association :<\/span><\/p>\n                  <\/div>\n                <\/div>\n                <div data-colibri-id=\"138-c14\" class=\"h-x-container style-551 style-local-138-c14 position-relative h-element\">\n                  <!---->\n                  <div class=\"h-x-container-inner style-dynamic-138-c14-group style-551-spacing style-local-138-c14-spacing\"><span class=\"h-button__outer style-552-outer style-local-138-c15-outer d-inline-flex h-element\"><a h-use-smooth-scroll=\"true\" href=\"https:\/\/orme-des-mazieres.ffe.com\/page\/presentation\/1561122795\" target=\"_blank\" data-colibri-id=\"138-c15\" class=\"d-flex w-100 align-items-center h-button justify-content-lg-center justify-content-md-center justify-content-center style-552 style-local-138-c15 position-relative\" rel=\"noopener\"><!----><!----> <span>Site web<\/span><\/a>\n                    <\/span>\n                  <\/div>\n                <\/div>\n                <div data-colibri-id=\"138-c16\" class=\"style-548 style-local-138-c16 position-relative h-element\">\n                  <!---->\n                  <div class=\"d-flex flex-wrap h-social-icons justify-content-lg-end justify-content-md-end justify-content-end\">\n                    <div class=\"social-icon-container d-inline-flex\">\n                      <a href=\"https:\/\/www.facebook.com\/ecuries.ormedesmazieres\" target=\"_blank\" h-use-smooth-scroll=\"true\" rel=\"noopener\">\n                        <div class=\"icon-container h-social-icon h-global-transition\">\n                          <div class=\"h-icon-svg\" style=\"width: 100%; height: 100%;\">\n                            <!--Icon by Font Awesome (https:\/\/fontawesome.com)-->\n                            <svg version=\"1.1\" xmlns=\"http:\/\/www.w3.org\/2000\/svg\" xmlns:xlink=\"http:\/\/www.w3.org\/1999\/xlink\" id=\"facebook-square\" viewBox=\"0 0 1536 1896.0833\">\n                              <path d=\"M1248 128q119 0 203.5 84.5T1536 416v960q0 119-84.5 203.5T1248 1664h-188v-595h199l30-232h-229V689q0-56 23.5-84t91.5-28l122-1V369q-63-9-178-9-136 0-217.5 80T820 666v171H620v232h200v595H288q-119 0-203.5-84.5T0 1376V416q0-119 84.5-203.5T288 128h960z\"><\/path>\n                            <\/svg>\n                          <\/div>\n                        <\/div>\n                      <\/a>\n                    <\/div>\n                  <\/div>\n                <\/div>\n              <\/div>\n            <\/div>\n          <\/div>\n        <\/div>\n      <\/div>\n    <\/div>\n  <\/div>\n  <div data-colibri-component=\"section\" data-colibri-id=\"138-c17\" id=\"custom-2\" class=\"h-section h-section-global-spacing d-flex align-items-lg-center align-items-md-center align-items-center style-553 style-local-138-c17 position-relative\">\n    <!---->\n    <!---->\n    <div class=\"h-section-grid-container h-section-boxed-container\">\n      <!---->\n      <div data-colibri-id=\"138-c18\" class=\"h-row-container gutters-row-lg-1 gutters-row-md-1 gutters-row-0 gutters-row-v-lg-1 gutters-row-v-md-1 gutters-row-v-1 style-554 style-local-138-c18 position-relative\">\n        <!---->\n        <div class=\"h-row justify-content-lg-center justify-content-md-center justify-content-center align-items-lg-stretch align-items-md-stretch align-items-stretch gutters-col-lg-1 gutters-col-md-1 gutters-col-0 gutters-col-v-lg-1 gutters-col-v-md-1 gutters-col-v-1\">\n          <!---->\n          <div class=\"h-column h-column-container d-flex h-col-lg-auto h-col-md-auto h-col-auto style-555-outer style-local-138-c19-outer\">\n            <div data-colibri-id=\"138-c19\" class=\"d-flex h-flex-basis h-column__inner h-px-lg-0 h-px-md-0 h-px-0 v-inner-lg-0 v-inner-md-0 v-inner-0 style-555 style-local-138-c19 position-relative\">\n              <!---->\n              <!---->\n              <div class=\"w-100 h-y-container h-column__content h-column__v-align flex-basis-100 align-self-lg-start align-self-md-start align-self-start\">\n                <!---->\n                <div data-colibri-id=\"138-c20\" class=\"d-block style-558 style-local-138-c20 position-relative h-element\">\n                  <!---->\n                  <div class=\"h-image__frame-container-outer\">\n                    <div class=\"h-image__frame-container\">\n                      <!---->\n                      <!---->\n                      <img loading=\"lazy\" decoding=\"async\" width=\"595\" height=\"394\" src=\"http:\/\/eywpbir.cluster030.hosting.ovh.net\/wp-content\/uploads\/2022\/09\/LargeCentre.jpg\" class=\"wp-image-160 style-558-image style-local-138-c20-image\" alt=\"\" srcset=\"https:\/\/www.csom-asso.com\/wp-content\/uploads\/2022\/09\/LargeCentre.jpg 595w, https:\/\/www.csom-asso.com\/wp-content\/uploads\/2022\/09\/LargeCentre-300x199.jpg 300w\" sizes=\"auto, (max-width: 595px) 100vw, 595px\" \/>\n                      <div class=\"h-image__frame h-hide-lg h-hide-md h-hide-sm style-558-frameImage style-local-138-c20-frameImage\"><\/div>\n                    <\/div>\n                  <\/div>\n                <\/div>\n              <\/div>\n            <\/div>\n          <\/div>\n          <div class=\"h-column h-column-container d-flex h-col-lg-auto h-col-md-auto h-col-auto style-556-outer style-local-138-c21-outer\">\n            <div data-colibri-id=\"138-c21\" class=\"d-flex h-flex-basis h-column__inner h-px-lg-0 h-px-md-0 h-px-0 v-inner-lg-0 v-inner-md-0 v-inner-0 style-556 style-local-138-c21 position-relative\">\n              <!---->\n              <!---->\n              <div class=\"w-100 h-y-container h-column__content h-column__v-align flex-basis-100 align-self-lg-start align-self-md-start align-self-start\">\n                <!---->\n                <div data-colibri-id=\"138-c22\" class=\"d-block style-806 style-local-138-c22 position-relative h-element\">\n                  <!---->\n                  <div class=\"h-image__frame-container-outer\">\n                    <div class=\"h-image__frame-container\">\n                      <!---->\n                      <!---->\n                      <img loading=\"lazy\" decoding=\"async\" width=\"595\" height=\"394\" src=\"http:\/\/eywpbir.cluster030.hosting.ovh.net\/wp-content\/uploads\/2022\/09\/Obstacles.jpg\" class=\"wp-image-161 style-806-image style-local-138-c22-image\" alt=\"\" srcset=\"https:\/\/www.csom-asso.com\/wp-content\/uploads\/2022\/09\/Obstacles.jpg 595w, https:\/\/www.csom-asso.com\/wp-content\/uploads\/2022\/09\/Obstacles-300x199.jpg 300w\" sizes=\"auto, (max-width: 595px) 100vw, 595px\" \/>\n                      <div class=\"h-image__frame h-hide-lg h-hide-md h-hide-sm style-806-frameImage style-local-138-c22-frameImage\"><\/div>\n                    <\/div>\n                  <\/div>\n                <\/div>\n              <\/div>\n            <\/div>\n          <\/div>\n          <div class=\"h-column h-column-container d-flex h-col-lg-auto h-col-md-auto h-col-auto style-557-outer style-local-138-c23-outer\">\n            <div data-colibri-id=\"138-c23\" class=\"d-flex h-flex-basis h-column__inner h-px-lg-0 h-px-md-0 h-px-0 v-inner-lg-0 v-inner-md-0 v-inner-0 style-557 style-local-138-c23 position-relative\">\n              <!---->\n              <!---->\n              <div class=\"w-100 h-y-container h-column__content h-column__v-align flex-basis-100 align-self-lg-start align-self-md-start align-self-start\">\n                <!---->\n                <div data-colibri-id=\"138-c24\" class=\"d-block style-560 style-local-138-c24 position-relative h-element\">\n                  <!---->\n                  <div class=\"h-image__frame-container-outer\">\n                    <div class=\"h-image__frame-container\">\n                      <!---->\n                      <!---->\n                      <img loading=\"lazy\" decoding=\"async\" width=\"595\" height=\"394\" src=\"http:\/\/eywpbir.cluster030.hosting.ovh.net\/wp-content\/uploads\/2022\/09\/Boxes.jpg\" class=\"wp-image-163 style-560-image style-local-138-c24-image\" alt=\"\" srcset=\"https:\/\/www.csom-asso.com\/wp-content\/uploads\/2022\/09\/Boxes.jpg 595w, https:\/\/www.csom-asso.com\/wp-content\/uploads\/2022\/09\/Boxes-300x199.jpg 300w\" sizes=\"auto, (max-width: 595px) 100vw, 595px\" \/>\n                      <div class=\"h-image__frame h-hide-lg h-hide-md h-hide-sm style-560-frameImage style-local-138-c24-frameImage\"><\/div>\n                    <\/div>\n                  <\/div>\n                <\/div>\n              <\/div>\n            <\/div>\n          <\/div>\n        <\/div>\n      <\/div>\n    <\/div>\n  <\/div>\n<\/div>","protected":false},"excerpt":{"rendered":"<p>TARIFS 2023-2024 Tarifs adh\u00e9rents 2023-2024 Tarifs Propri\u00e9taires 2023-2024 LES \u00c9CURIES DE L&rsquo;ORME DES MAZI\u00c8RES L&rsquo;association des \u00c9curies de l&rsquo;Orme des Mazi\u00e8res rassemble depuis 1998 petits et grands autour de la [&hellip;]<\/p>\n","protected":false},"author":1,"featured_media":0,"parent":0,"menu_order":0,"comment_status":"closed","ping_status":"closed","template":"page-templates\/full-width-page.php","meta":{"_EventAllDay":false,"_EventTimezone":"","_EventStartDate":"","_EventEndDate":"","_EventStartDateUTC":"","_EventEndDateUTC":"","_EventShowMap":false,"_EventShowMapLink":false,"_EventURL":"","_EventCost":"","_EventCostDescription":"","_EventCurrencySymbol":"","_EventCurrencyCode":"","_EventCurrencyPosition":"","_EventDateTimeSeparator":"","_EventTimeRangeSeparator":"","_EventOrganizerID":[],"_EventVenueID":0,"_OrganizerEmail":"","_OrganizerPhone":"","_OrganizerWebsite":"","_VenueAddress":"","_VenueCity":"","_VenueCountry":"","_VenueProvince":"","_VenueZip":"","_VenuePhone":"","_VenueURL":"","_VenueStateProvince":"","_VenueLat":"","_VenueLng":"","footnotes":""},"class_list":["post-138","page","type-page","status-publish","hentry"],"_links":{"self":[{"href":"https:\/\/www.csom-asso.com\/index.php\/wp-json\/wp\/v2\/pages\/138","targetHints":{"allow":["GET"]}}],"collection":[{"href":"https:\/\/www.csom-asso.com\/index.php\/wp-json\/wp\/v2\/pages"}],"about":[{"href":"https:\/\/www.csom-asso.com\/index.php\/wp-json\/wp\/v2\/types\/page"}],"author":[{"embeddable":true,"href":"https:\/\/www.csom-asso.com\/index.php\/wp-json\/wp\/v2\/users\/1"}],"replies":[{"embeddable":true,"href":"https:\/\/www.csom-asso.com\/index.php\/wp-json\/wp\/v2\/comments?post=138"}],"version-history":[{"count":10,"href":"https:\/\/www.csom-asso.com\/index.php\/wp-json\/wp\/v2\/pages\/138\/revisions"}],"predecessor-version":[{"id":797,"href":"https:\/\/www.csom-asso.com\/index.php\/wp-json\/wp\/v2\/pages\/138\/revisions\/797"}],"wp:attachment":[{"href":"https:\/\/www.csom-asso.com\/index.php\/wp-json\/wp\/v2\/media?parent=138"}],"curies":[{"name":"wp","href":"https:\/\/api.w.org\/{rel}","templated":true}]}}