{"id":136,"date":"2022-09-01T00:11:35","date_gmt":"2022-08-31T22:11:35","guid":{"rendered":"http:\/\/eywpbir.cluster030.hosting.ovh.net\/?page_id=136"},"modified":"2023-12-15T09:37:39","modified_gmt":"2023-12-15T08:37:39","slug":"caravaning","status":"publish","type":"page","link":"https:\/\/www.csom-asso.com\/index.php\/caravaning\/","title":{"rendered":"CARAVANING"},"content":{"rendered":"<div data-colibri-id=\"136-c1\" class=\"style-607 style-local-136-c1 position-relative\">\n  <!---->\n  <div data-colibri-component=\"section\" data-colibri-id=\"136-c2\" id=\"custom\" class=\"h-section h-section-global-spacing d-flex align-items-lg-center align-items-md-center align-items-center style-608 style-local-136-c2 position-relative\">\n    <!---->\n    <!---->\n    <div class=\"h-section-grid-container h-section-boxed-container\">\n      <!---->\n      <div data-colibri-id=\"136-c3\" class=\"h-row-container gutters-row-lg-2 gutters-row-md-2 gutters-row-0 gutters-row-v-lg-2 gutters-row-v-md-2 gutters-row-v-2 style-609 style-local-136-c3 position-relative\">\n        <!---->\n        <div class=\"h-row justify-content-lg-center justify-content-md-center justify-content-center align-items-lg-stretch align-items-md-stretch align-items-stretch gutters-col-lg-2 gutters-col-md-2 gutters-col-0 gutters-col-v-lg-2 gutters-col-v-md-2 gutters-col-v-2\">\n          <!---->\n          <div class=\"h-column h-column-container d-flex h-col-lg-auto h-col-md-auto h-col-auto style-610-outer style-local-136-c4-outer\">\n            <div data-colibri-id=\"136-c4\" class=\"d-flex h-flex-basis h-column__inner h-px-lg-2 h-px-md-2 h-px-2 v-inner-lg-2 v-inner-md-2 v-inner-2 style-610 style-local-136-c4 position-relative\">\n              <!---->\n              <!---->\n              <div class=\"w-100 h-y-container h-column__content h-column__v-align flex-basis-100 align-self-lg-start align-self-md-start align-self-start\">\n                <!---->\n                <div data-colibri-id=\"136-c5\" class=\"d-block style-616 style-local-136-c5 position-relative h-element\">\n                  <!---->\n                  <div class=\"h-image__frame-container-outer\">\n                    <div class=\"h-image__frame-container\">\n                      <!---->\n                      <!---->\n                      <img loading=\"lazy\" decoding=\"async\" width=\"1000\" height=\"752\" src=\"http:\/\/eywpbir.cluster030.hosting.ovh.net\/wp-content\/uploads\/2022\/09\/150204_155316.jpg\" class=\"wp-image-201 style-616-image style-local-136-c5-image\" alt=\"\" srcset=\"https:\/\/www.csom-asso.com\/wp-content\/uploads\/2022\/09\/150204_155316.jpg 1000w, https:\/\/www.csom-asso.com\/wp-content\/uploads\/2022\/09\/150204_155316-300x226.jpg 300w, https:\/\/www.csom-asso.com\/wp-content\/uploads\/2022\/09\/150204_155316-768x578.jpg 768w\" sizes=\"auto, (max-width: 1000px) 100vw, 1000px\" \/>\n                      <div class=\"h-image__frame h-hide-lg h-hide-md h-hide-sm style-616-frameImage style-local-136-c5-frameImage\"><\/div>\n                    <\/div>\n                  <\/div>\n                <\/div>\n              <\/div>\n            <\/div>\n          <\/div>\n          <div class=\"h-column h-column-container d-flex h-col-lg-auto h-col-md-auto h-col-auto style-611-outer style-local-136-c6-outer\">\n            <div data-colibri-id=\"136-c6\" class=\"d-flex h-flex-basis h-column__inner h-px-lg-2 h-px-md-2 h-px-2 v-inner-lg-2 v-inner-md-2 v-inner-2 style-611 style-local-136-c6 position-relative\">\n              <!---->\n              <!---->\n              <div class=\"w-100 h-y-container h-column__content h-column__v-align flex-basis-100 align-self-lg-start align-self-md-start align-self-start\">\n                <!---->\n                <div data-colibri-id=\"136-c7\" class=\"h-global-transition-all h-heading style-612 style-local-136-c7 position-relative h-element\">\n                  <!---->\n                  <div class=\"h-heading__outer style-612 style-local-136-c7\">\n                    <!---->\n                    <!---->\n                    <h4 class=\"\">Association Les Amis des Mazi\u00e8res<\/h4>\n                  <\/div>\n                <\/div>\n                <div data-colibri-id=\"136-c8\" class=\"h-text h-text-component style-613 style-local-136-c8 position-relative h-element\">\n                  <!---->\n                  <!---->\n                  <div class=\"\">\n                    <p>Les amis des Mazi\u00e8res est l&rsquo;association de caravaning du CSOM. Actuellement presque 40 caravanes sont install\u00e9es sur le domaine. L&rsquo;entr\u00e9e se trouve au 6 rue du Port aux Dames 91210 Draveil.\n                      <br>Les mobil homes ainsi que les caravanes situ\u00e9s sur le site sont des logements propri\u00e9taires et ne sont donc pas lou\u00e9s \u00e0 l&rsquo;ext\u00e9rieur.\n                      <br>De plus les emplacements disponibles sont quasiment complets.\n                      <br>Pour tous renseignements, vous pouvez contacter le pr\u00e9sident de l&rsquo;association : M. David Gonzalez<\/p>\n                  <\/div>\n                <\/div>\n                <div data-colibri-id=\"136-c9\" class=\"h-text h-text-component style-804 style-local-136-c9 position-relative h-element\">\n                  <!---->\n                  <!---->\n                  <div class=\"\">\n                    <p>david.gonzalez029@orange.fr<\/p>\n                  <\/div>\n                <\/div>\n                <div data-colibri-id=\"136-c10\" class=\"h-text h-text-component style-887 style-local-136-c10 position-relative h-element\">\n                  <!---->\n                  <!---->\n                  <div class=\"\">\n                    <p>Tarifs 2024\n                      <br>Le tarif comprend l&rsquo;adh\u00e9sion au CSOM, l&rsquo;adh\u00e9sion aux Amis des Mazi\u00e8res et l&#8217;emplacement pour la caravane :\n                      <br>Adh\u00e9sion au CSOM : membre actif adulte 176,77\u20ac, membre actif junior 75,60\u20ac, accompagnateur 52,18\u20ac.&nbsp;<span style=\"color: rgb(70, 112, 127); font-family: &quot;Open Sans&quot;; font-size: 16px;\">(adh\u00e9sion CSOM pour les \u2013 de 16 ans prise en charge \u00e0 50% par l&rsquo;association).<\/span>\n                      <br>Adh\u00e9sion <span style=\"color: rgb(70, 112, 127); font-family: &quot;Open Sans&quot;; font-size: 16px;\">aux Amis des Mazi\u00e8res <\/span> pour une famille : 340\u20ac l&rsquo;ann\u00e9e.\n                      <br>Prix emplacement 395\u20ac annuel.<\/p>\n                  <\/div>\n                <\/div>\n              <\/div>\n            <\/div>\n          <\/div>\n        <\/div>\n      <\/div>\n    <\/div>\n  <\/div>\n<\/div>","protected":false},"excerpt":{"rendered":"<p>Association Les Amis des Mazi\u00e8res Les amis des Mazi\u00e8res est l&rsquo;association de caravaning du CSOM. Actuellement presque 40 caravanes sont install\u00e9es sur le domaine. L&rsquo;entr\u00e9e se trouve au 6 rue [&hellip;]<\/p>\n","protected":false},"author":1,"featured_media":0,"parent":0,"menu_order":0,"comment_status":"closed","ping_status":"closed","template":"page-templates\/full-width-page.php","meta":{"_EventAllDay":false,"_EventTimezone":"","_EventStartDate":"","_EventEndDate":"","_EventStartDateUTC":"","_EventEndDateUTC":"","_EventShowMap":false,"_EventShowMapLink":false,"_EventURL":"","_EventCost":"","_EventCostDescription":"","_EventCurrencySymbol":"","_EventCurrencyCode":"","_EventCurrencyPosition":"","_EventDateTimeSeparator":"","_EventTimeRangeSeparator":"","_EventOrganizerID":[],"_EventVenueID":0,"_OrganizerEmail":"","_OrganizerPhone":"","_OrganizerWebsite":"","_VenueAddress":"","_VenueCity":"","_VenueCountry":"","_VenueProvince":"","_VenueZip":"","_VenuePhone":"","_VenueURL":"","_VenueStateProvince":"","_VenueLat":"","_VenueLng":"","footnotes":""},"class_list":["post-136","page","type-page","status-publish","hentry"],"_links":{"self":[{"href":"https:\/\/www.csom-asso.com\/index.php\/wp-json\/wp\/v2\/pages\/136","targetHints":{"allow":["GET"]}}],"collection":[{"href":"https:\/\/www.csom-asso.com\/index.php\/wp-json\/wp\/v2\/pages"}],"about":[{"href":"https:\/\/www.csom-asso.com\/index.php\/wp-json\/wp\/v2\/types\/page"}],"author":[{"embeddable":true,"href":"https:\/\/www.csom-asso.com\/index.php\/wp-json\/wp\/v2\/users\/1"}],"replies":[{"embeddable":true,"href":"https:\/\/www.csom-asso.com\/index.php\/wp-json\/wp\/v2\/comments?post=136"}],"version-history":[{"count":7,"href":"https:\/\/www.csom-asso.com\/index.php\/wp-json\/wp\/v2\/pages\/136\/revisions"}],"predecessor-version":[{"id":841,"href":"https:\/\/www.csom-asso.com\/index.php\/wp-json\/wp\/v2\/pages\/136\/revisions\/841"}],"wp:attachment":[{"href":"https:\/\/www.csom-asso.com\/index.php\/wp-json\/wp\/v2\/media?parent=136"}],"curies":[{"name":"wp","href":"https:\/\/api.w.org\/{rel}","templated":true}]}}