{"id":134,"date":"2022-09-01T00:10:36","date_gmt":"2022-08-31T22:10:36","guid":{"rendered":"http:\/\/eywpbir.cluster030.hosting.ovh.net\/?page_id=134"},"modified":"2025-01-14T11:42:43","modified_gmt":"2025-01-14T10:42:43","slug":"location-de-salle","status":"publish","type":"page","link":"https:\/\/www.csom-asso.com\/index.php\/location-de-salle\/","title":{"rendered":"Location de salle"},"content":{"rendered":"<div data-colibri-id=\"134-c1\" class=\"style-617 style-local-134-c1 position-relative\">\n  <!---->\n  <div data-colibri-component=\"section\" data-colibri-id=\"134-c2\" id=\"custom-3\" class=\"h-section h-section-global-spacing d-flex align-items-lg-center align-items-md-center align-items-center style-828 style-local-134-c2 position-relative\">\n    <!---->\n    <!---->\n    <div class=\"h-section-grid-container h-section-boxed-container\">\n      <!---->\n      <div data-colibri-id=\"134-c3\" class=\"h-row-container gutters-row-lg-0 gutters-row-md-0 gutters-row-0 gutters-row-v-lg-0 gutters-row-v-md-0 gutters-row-v-0 style-829 style-local-134-c3 position-relative\">\n        <!---->\n        <div class=\"h-row justify-content-lg-center justify-content-md-center justify-content-center align-items-lg-stretch align-items-md-stretch align-items-stretch gutters-col-lg-0 gutters-col-md-0 gutters-col-0 gutters-col-v-lg-0 gutters-col-v-md-0 gutters-col-v-0\">\n          <!---->\n          <div class=\"h-column h-column-container d-flex h-col-lg-auto h-col-md-auto h-col-auto style-830-outer style-local-134-c4-outer\">\n            <div data-colibri-id=\"134-c4\" class=\"d-flex h-flex-basis h-column__inner h-px-lg-0 h-px-md-0 h-px-0 v-inner-lg-0 v-inner-md-0 v-inner-0 style-830 style-local-134-c4 position-relative\">\n              <!---->\n              <!---->\n              <div class=\"w-100 h-y-container h-column__content h-column__v-align flex-basis-100 align-self-lg-start align-self-md-start align-self-start\">\n                <!---->\n                <div data-colibri-id=\"134-c5\" class=\"h-text h-text-component style-831 style-local-134-c5 position-relative h-element\">\n                  <!---->\n                  <!---->\n                  <div class=\"\">\n                    <p><strong>Le Centre Sportif de l&rsquo;Orme des Mazi\u00e8res propose \u00e0 la location deux salles polyvalentes, dans un cadre verdoyant, \u00e0 moins de 30 km de Paris. Les deux salles ont des cuisines \u00e9quip\u00e9es et peuvent accueillir respectivement 50 et 80 personnes, avec un grand parking \u00e0 proximit\u00e9. Pour tout renseignement, n&rsquo;h\u00e9sitez pas \u00e0 nous contacter :&nbsp;<br>csomazieres@outlook.com ou par t\u00e9l\u00e9phone : 01 69 42 45 05<\/strong><\/p>\n                  <\/div>\n                <\/div>\n              <\/div>\n            <\/div>\n          <\/div>\n        <\/div>\n      <\/div>\n    <\/div>\n  <\/div>\n  <div data-colibri-component=\"section\" data-colibri-id=\"134-c6\" id=\"custom-2\" class=\"h-section h-section-global-spacing d-flex align-items-lg-center align-items-md-center align-items-center style-820 style-local-134-c6 position-relative\">\n    <!---->\n    <!---->\n    <div class=\"h-section-grid-container h-section-boxed-container\">\n      <!---->\n      <div data-colibri-id=\"134-c7\" class=\"h-row-container gutters-row-lg-1 gutters-row-md-1 gutters-row-0 gutters-row-v-lg-1 gutters-row-v-md-1 gutters-row-v-1 style-821 style-local-134-c7 position-relative\">\n        <!---->\n        <div class=\"h-row justify-content-lg-center justify-content-md-center justify-content-center align-items-lg-stretch align-items-md-stretch align-items-stretch gutters-col-lg-1 gutters-col-md-1 gutters-col-0 gutters-col-v-lg-1 gutters-col-v-md-1 gutters-col-v-1\">\n          <!---->\n          <div class=\"h-column h-column-container d-flex h-col-lg-auto h-col-md-auto h-col-auto style-822-outer style-local-134-c8-outer\">\n            <div data-colibri-id=\"134-c8\" class=\"d-flex h-flex-basis h-column__inner h-px-lg-1 h-px-md-1 h-px-1 v-inner-lg-1 v-inner-md-1 v-inner-1 style-822 style-local-134-c8 position-relative\">\n              <!---->\n              <!---->\n              <div class=\"w-100 h-y-container h-column__content h-column__v-align flex-basis-100 align-self-lg-start align-self-md-start align-self-start\">\n                <!---->\n                <div data-colibri-id=\"134-c9\" class=\"d-block style-824 style-local-134-c9 position-relative h-element\">\n                  <!---->\n                  <div class=\"h-image__frame-container-outer\">\n                    <div class=\"h-image__frame-container\">\n                      <!---->\n                      <!---->\n                      <img loading=\"lazy\" decoding=\"async\" width=\"1832\" height=\"1374\" src=\"http:\/\/www.csom-asso.com\/wp-content\/uploads\/2023\/01\/photo_1.jpeg\" class=\"wp-image-570 style-824-image style-local-134-c9-image\" alt=\"\" srcset=\"https:\/\/www.csom-asso.com\/wp-content\/uploads\/2023\/01\/photo_1.jpeg 1832w, https:\/\/www.csom-asso.com\/wp-content\/uploads\/2023\/01\/photo_1-300x225.jpeg 300w, https:\/\/www.csom-asso.com\/wp-content\/uploads\/2023\/01\/photo_1-1024x768.jpeg 1024w, https:\/\/www.csom-asso.com\/wp-content\/uploads\/2023\/01\/photo_1-768x576.jpeg 768w, https:\/\/www.csom-asso.com\/wp-content\/uploads\/2023\/01\/photo_1-1536x1152.jpeg 1536w\" sizes=\"auto, (max-width: 1832px) 100vw, 1832px\" \/>\n                      <div class=\"h-image__frame h-hide-lg h-hide-md h-hide-sm style-824-frameImage style-local-134-c9-frameImage\"><\/div>\n                    <\/div>\n                  <\/div>\n                <\/div>\n                <div data-colibri-id=\"134-c10\" class=\"h-text h-text-component style-826 style-local-134-c10 position-relative h-element\">\n                  <!---->\n                  <!---->\n                  <div class=\"\">\n                    <p><strong>SALLE TULIPIER<\/strong><\/p>\n                    <p>Salle polyvalente \u00e0 louer pour 50 personnes.\n                      <br>Prix : du samedi matin au dimanche 14h\n                      <br>Tarif 2025 : 750 \u20ac.\n                      <br>Possibilit\u00e9 de louer en semaine. Cuisine \u00e9quip\u00e9e.<\/p>\n                    <p>\n                      <br>\n                    <\/p>\n                  <\/div>\n                <\/div>\n              <\/div>\n            <\/div>\n          <\/div>\n          <div class=\"h-column h-column-container d-flex h-col-lg-auto h-col-md-auto h-col-auto style-823-outer style-local-134-c11-outer\">\n            <div data-colibri-id=\"134-c11\" class=\"d-flex h-flex-basis h-column__inner h-px-lg-1 h-px-md-1 h-px-1 v-inner-lg-1 v-inner-md-1 v-inner-1 style-823 style-local-134-c11 position-relative\">\n              <!---->\n              <!---->\n              <div class=\"w-100 h-y-container h-column__content h-column__v-align flex-basis-100 align-self-lg-start align-self-md-start align-self-start\">\n                <!---->\n                <div data-colibri-id=\"134-c12\" class=\"d-block style-825 style-local-134-c12 position-relative h-element\">\n                  <!---->\n                  <div class=\"h-image__frame-container-outer\">\n                    <div class=\"h-image__frame-container\">\n                      <!---->\n                      <!---->\n                      <img loading=\"lazy\" decoding=\"async\" width=\"2560\" height=\"1920\" src=\"http:\/\/www.csom-asso.com\/wp-content\/uploads\/2023\/01\/photo_1-2-scaled.jpeg\" class=\"wp-image-569 style-825-image style-local-134-c12-image\" alt=\"\" srcset=\"https:\/\/www.csom-asso.com\/wp-content\/uploads\/2023\/01\/photo_1-2-scaled.jpeg 2560w, https:\/\/www.csom-asso.com\/wp-content\/uploads\/2023\/01\/photo_1-2-300x225.jpeg 300w, https:\/\/www.csom-asso.com\/wp-content\/uploads\/2023\/01\/photo_1-2-1024x768.jpeg 1024w, https:\/\/www.csom-asso.com\/wp-content\/uploads\/2023\/01\/photo_1-2-768x576.jpeg 768w, https:\/\/www.csom-asso.com\/wp-content\/uploads\/2023\/01\/photo_1-2-1536x1152.jpeg 1536w, https:\/\/www.csom-asso.com\/wp-content\/uploads\/2023\/01\/photo_1-2-2048x1536.jpeg 2048w\" sizes=\"auto, (max-width: 2560px) 100vw, 2560px\" \/>\n                      <div class=\"h-image__frame h-hide-lg h-hide-md h-hide-sm style-825-frameImage style-local-134-c12-frameImage\"><\/div>\n                    <\/div>\n                  <\/div>\n                <\/div>\n                <div data-colibri-id=\"134-c13\" class=\"h-text h-text-component style-827 style-local-134-c13 position-relative h-element\">\n                  <!---->\n                  <!---->\n                  <div class=\"\">\n                    <p><strong>SALLE ACACIAS<\/strong><\/p>\n                    <p>Salle polyvalente \u00e0 louer pour 80 personnes.\n                      <br>Prix : du samedi matin au dimanche 14h.\n                      <br>Tarif 2025 : 1250 \u20ac.\n                      <br>Possibilit\u00e9 de louer en semaine. Cuisine \u00e9quip\u00e9e. Grande terrasse.<\/p>\n                  <\/div>\n                <\/div>\n              <\/div>\n            <\/div>\n          <\/div>\n        <\/div>\n      <\/div>\n    <\/div>\n  <\/div>\n  <div data-colibri-component=\"section\" data-colibri-id=\"134-c14\" id=\"custom-4\" class=\"h-section h-section-global-spacing d-flex align-items-lg-center align-items-md-center align-items-center style-873 style-local-134-c14 position-relative\">\n    <!---->\n    <!---->\n    <div class=\"h-section-grid-container h-section-boxed-container\">\n      <!---->\n      <div data-colibri-id=\"134-c15\" class=\"h-row-container gutters-row-lg-0 gutters-row-md-0 gutters-row-0 gutters-row-v-lg-0 gutters-row-v-md-0 gutters-row-v-0 style-874 style-local-134-c15 position-relative\">\n        <!---->\n        <div class=\"h-row justify-content-lg-center justify-content-md-center justify-content-center align-items-lg-stretch align-items-md-stretch align-items-stretch gutters-col-lg-0 gutters-col-md-0 gutters-col-0 gutters-col-v-lg-0 gutters-col-v-md-0 gutters-col-v-0\">\n          <!---->\n          <div class=\"h-column h-column-container d-flex h-col-lg-auto h-col-md-auto h-col-auto style-875-outer style-local-134-c16-outer\">\n            <div data-colibri-id=\"134-c16\" class=\"d-flex h-flex-basis h-column__inner h-px-lg-1 h-px-md-1 h-px-1 v-inner-lg-1 v-inner-md-1 v-inner-1 style-875 style-local-134-c16 position-relative\">\n              <!---->\n              <!---->\n              <div class=\"w-100 h-y-container h-column__content h-column__v-align flex-basis-100 align-self-lg-start align-self-md-start align-self-start\">\n                <!---->\n                <div data-colibri-id=\"134-c17\" class=\"d-block style-880 style-local-134-c17 position-relative h-element\">\n                  <!---->\n                  <div class=\"h-image__frame-container-outer\">\n                    <div class=\"h-image__frame-container\">\n                      <!---->\n                      <!---->\n                      <img loading=\"lazy\" decoding=\"async\" width=\"835\" height=\"474\" src=\"http:\/\/www.csom-asso.com\/wp-content\/uploads\/2023\/01\/Vue-aerienne.jpg\" class=\"wp-image-621 style-880-image style-local-134-c17-image\" alt=\"\" srcset=\"https:\/\/www.csom-asso.com\/wp-content\/uploads\/2023\/01\/Vue-aerienne.jpg 835w, https:\/\/www.csom-asso.com\/wp-content\/uploads\/2023\/01\/Vue-aerienne-300x170.jpg 300w, https:\/\/www.csom-asso.com\/wp-content\/uploads\/2023\/01\/Vue-aerienne-768x436.jpg 768w\" sizes=\"auto, (max-width: 835px) 100vw, 835px\" \/>\n                      <div class=\"h-image__frame h-hide-lg h-hide-md h-hide-sm style-880-frameImage style-local-134-c17-frameImage\"><\/div>\n                    <\/div>\n                  <\/div>\n                <\/div>\n              <\/div>\n            <\/div>\n          <\/div>\n          <div class=\"h-column h-column-container d-flex h-col-lg-auto h-col-md-auto h-col-auto style-876-outer style-local-134-c18-outer\">\n            <div data-colibri-id=\"134-c18\" class=\"d-flex h-flex-basis h-column__inner h-px-lg-1 h-px-md-1 h-px-1 v-inner-lg-1 v-inner-md-1 v-inner-1 style-876 style-local-134-c18 position-relative\">\n              <!---->\n              <!---->\n              <div class=\"w-100 h-y-container h-column__content h-column__v-align flex-basis-100 align-self-lg-start align-self-md-start align-self-start\">\n                <!---->\n                <div data-colibri-id=\"134-c19\" class=\"d-block style-878 style-local-134-c19 position-relative h-element\">\n                  <!---->\n                  <div class=\"h-image__frame-container-outer\">\n                    <div class=\"h-image__frame-container\">\n                      <!---->\n                      <!---->\n                      <img loading=\"lazy\" decoding=\"async\" width=\"1920\" height=\"2560\" src=\"http:\/\/www.csom-asso.com\/wp-content\/uploads\/2023\/01\/photo_3-scaled.jpeg\" class=\"wp-image-572 style-878-image style-local-134-c19-image\" alt=\"\" srcset=\"https:\/\/www.csom-asso.com\/wp-content\/uploads\/2023\/01\/photo_3-scaled.jpeg 1920w, https:\/\/www.csom-asso.com\/wp-content\/uploads\/2023\/01\/photo_3-225x300.jpeg 225w, https:\/\/www.csom-asso.com\/wp-content\/uploads\/2023\/01\/photo_3-768x1024.jpeg 768w, https:\/\/www.csom-asso.com\/wp-content\/uploads\/2023\/01\/photo_3-1152x1536.jpeg 1152w, https:\/\/www.csom-asso.com\/wp-content\/uploads\/2023\/01\/photo_3-1536x2048.jpeg 1536w\" sizes=\"auto, (max-width: 1920px) 100vw, 1920px\" \/>\n                      <div class=\"h-image__frame h-hide-lg h-hide-md h-hide-sm style-878-frameImage style-local-134-c19-frameImage\"><\/div>\n                    <\/div>\n                  <\/div>\n                <\/div>\n              <\/div>\n            <\/div>\n          <\/div>\n          <div class=\"h-column h-column-container d-flex h-col-lg-auto h-col-md-auto h-col-auto style-877-outer style-local-134-c20-outer\">\n            <div data-colibri-id=\"134-c20\" class=\"d-flex h-flex-basis h-column__inner h-px-lg-1 h-px-md-1 h-px-1 v-inner-lg-1 v-inner-md-1 v-inner-1 style-877 style-local-134-c20 position-relative\">\n              <!---->\n              <!---->\n              <div class=\"w-100 h-y-container h-column__content h-column__v-align flex-basis-100 align-self-lg-start align-self-md-start align-self-start\">\n                <!---->\n                <div data-colibri-id=\"134-c21\" class=\"d-block style-879 style-local-134-c21 position-relative h-element\">\n                  <!---->\n                  <div class=\"h-image__frame-container-outer\">\n                    <div class=\"h-image__frame-container\">\n                      <!---->\n                      <!---->\n                      <img loading=\"lazy\" decoding=\"async\" width=\"1920\" height=\"2560\" src=\"http:\/\/www.csom-asso.com\/wp-content\/uploads\/2023\/01\/photo_2-scaled.jpeg\" class=\"wp-image-571 style-879-image style-local-134-c21-image\" alt=\"\" srcset=\"https:\/\/www.csom-asso.com\/wp-content\/uploads\/2023\/01\/photo_2-scaled.jpeg 1920w, https:\/\/www.csom-asso.com\/wp-content\/uploads\/2023\/01\/photo_2-225x300.jpeg 225w, https:\/\/www.csom-asso.com\/wp-content\/uploads\/2023\/01\/photo_2-768x1024.jpeg 768w, https:\/\/www.csom-asso.com\/wp-content\/uploads\/2023\/01\/photo_2-1152x1536.jpeg 1152w, https:\/\/www.csom-asso.com\/wp-content\/uploads\/2023\/01\/photo_2-1536x2048.jpeg 1536w\" sizes=\"auto, (max-width: 1920px) 100vw, 1920px\" \/>\n                      <div class=\"h-image__frame h-hide-lg h-hide-md h-hide-sm style-879-frameImage style-local-134-c21-frameImage\"><\/div>\n                    <\/div>\n                  <\/div>\n                <\/div>\n              <\/div>\n            <\/div>\n          <\/div>\n        <\/div>\n      <\/div>\n    <\/div>\n  <\/div>\n  <div data-colibri-component=\"section\" data-colibri-id=\"134-c22\" id=\"custom\" class=\"h-section h-section-global-spacing d-flex align-items-lg-center align-items-md-center align-items-center style-832 style-local-134-c22 position-relative\">\n    <!---->\n    <!---->\n    <div class=\"h-section-grid-container h-section-boxed-container\">\n      <!---->\n      <div data-colibri-id=\"134-c23\" class=\"h-row-container gutters-row-lg-1 gutters-row-md-1 gutters-row-0 gutters-row-v-lg-1 gutters-row-v-md-1 gutters-row-v-1 style-833 style-local-134-c23 position-relative\">\n        <!---->\n        <div class=\"h-row justify-content-lg-center justify-content-md-center justify-content-center align-items-lg-stretch align-items-md-stretch align-items-stretch gutters-col-lg-1 gutters-col-md-1 gutters-col-0 gutters-col-v-lg-1 gutters-col-v-md-1 gutters-col-v-1\">\n          <!---->\n          <div class=\"h-column h-column-container d-flex h-col-lg-auto h-col-md-auto h-col-auto style-834-outer style-local-134-c24-outer\">\n            <div data-colibri-id=\"134-c24\" class=\"d-flex h-flex-basis h-column__inner h-px-lg-1 h-px-md-1 h-px-1 v-inner-lg-1 v-inner-md-1 v-inner-1 style-834 style-local-134-c24 position-relative\">\n              <!---->\n              <!---->\n              <div class=\"w-100 h-y-container h-column__content h-column__v-align flex-basis-100 align-self-lg-start align-self-md-start align-self-start\">\n                <!---->\n                <div data-colibri-id=\"134-c25\" class=\"h-text h-text-component style-837 style-local-134-c25 position-relative h-element\">\n                  <!---->\n                  <!---->\n                  <div class=\"\">\n                    <p>CALENDRIER 2025<\/p>\n                    <p>des r\u00e9servations des salles du CSOM<\/p>\n                  <\/div>\n                <\/div>\n              <\/div>\n            <\/div>\n          <\/div>\n          <div class=\"h-column h-column-container d-flex h-col-lg-auto h-col-md-auto h-col-auto style-835-outer style-local-134-c26-outer\">\n            <div data-colibri-id=\"134-c26\" class=\"d-flex h-flex-basis h-column__inner h-px-lg-1 h-px-md-1 h-px-1 v-inner-lg-1 v-inner-md-1 v-inner-1 style-835 style-local-134-c26 position-relative\">\n              <!---->\n              <!---->\n              <div class=\"w-100 h-y-container h-column__content h-column__v-align flex-basis-100 align-self-lg-start align-self-md-start align-self-start\">\n                <!---->\n                <div data-colibri-id=\"134-c27\" class=\"d-block style-836 style-local-134-c27 position-relative h-element\">\n                  <!---->\n                  <div class=\"h-image__frame-container-outer\">\n                    <div class=\"h-image__frame-container\">\n                      <!---->\n                      <!---->\n                      <img loading=\"lazy\" decoding=\"async\" width=\"842\" height=\"595\" src=\"http:\/\/www.csom-asso.com\/wp-content\/uploads\/2025\/01\/calendrier-2025V1.jpg\" class=\"wp-image-862 style-836-image style-local-134-c27-image\" alt=\"\" srcset=\"https:\/\/www.csom-asso.com\/wp-content\/uploads\/2025\/01\/calendrier-2025V1.jpg 842w, https:\/\/www.csom-asso.com\/wp-content\/uploads\/2025\/01\/calendrier-2025V1-300x212.jpg 300w, https:\/\/www.csom-asso.com\/wp-content\/uploads\/2025\/01\/calendrier-2025V1-768x543.jpg 768w\" sizes=\"auto, (max-width: 842px) 100vw, 842px\" \/>\n                      <div class=\"h-image__frame h-hide-lg h-hide-md h-hide-sm style-836-frameImage style-local-134-c27-frameImage\"><\/div>\n                    <\/div>\n                  <\/div>\n                <\/div>\n              <\/div>\n            <\/div>\n          <\/div>\n        <\/div>\n      <\/div>\n    <\/div>\n  <\/div>\n<\/div>","protected":false},"excerpt":{"rendered":"<p>Le Centre Sportif de l&rsquo;Orme des Mazi\u00e8res propose \u00e0 la location deux salles polyvalentes, dans un cadre verdoyant, \u00e0 moins de 30 km de Paris. Les deux salles ont des [&hellip;]<\/p>\n","protected":false},"author":1,"featured_media":0,"parent":0,"menu_order":0,"comment_status":"closed","ping_status":"closed","template":"page-templates\/full-width-page.php","meta":{"_EventAllDay":false,"_EventTimezone":"","_EventStartDate":"","_EventEndDate":"","_EventStartDateUTC":"","_EventEndDateUTC":"","_EventShowMap":false,"_EventShowMapLink":false,"_EventURL":"","_EventCost":"","_EventCostDescription":"","_EventCurrencySymbol":"","_EventCurrencyCode":"","_EventCurrencyPosition":"","_EventDateTimeSeparator":"","_EventTimeRangeSeparator":"","_EventOrganizerID":[],"_EventVenueID":0,"_OrganizerEmail":"","_OrganizerPhone":"","_OrganizerWebsite":"","_VenueAddress":"","_VenueCity":"","_VenueCountry":"","_VenueProvince":"","_VenueZip":"","_VenuePhone":"","_VenueURL":"","_VenueStateProvince":"","_VenueLat":"","_VenueLng":"","footnotes":""},"class_list":["post-134","page","type-page","status-publish","hentry"],"_links":{"self":[{"href":"https:\/\/www.csom-asso.com\/index.php\/wp-json\/wp\/v2\/pages\/134","targetHints":{"allow":["GET"]}}],"collection":[{"href":"https:\/\/www.csom-asso.com\/index.php\/wp-json\/wp\/v2\/pages"}],"about":[{"href":"https:\/\/www.csom-asso.com\/index.php\/wp-json\/wp\/v2\/types\/page"}],"author":[{"embeddable":true,"href":"https:\/\/www.csom-asso.com\/index.php\/wp-json\/wp\/v2\/users\/1"}],"replies":[{"embeddable":true,"href":"https:\/\/www.csom-asso.com\/index.php\/wp-json\/wp\/v2\/comments?post=134"}],"version-history":[{"count":20,"href":"https:\/\/www.csom-asso.com\/index.php\/wp-json\/wp\/v2\/pages\/134\/revisions"}],"predecessor-version":[{"id":871,"href":"https:\/\/www.csom-asso.com\/index.php\/wp-json\/wp\/v2\/pages\/134\/revisions\/871"}],"wp:attachment":[{"href":"https:\/\/www.csom-asso.com\/index.php\/wp-json\/wp\/v2\/media?parent=134"}],"curies":[{"name":"wp","href":"https:\/\/api.w.org\/{rel}","templated":true}]}}